{"id":5413,"date":"2025-06-12T17:34:27","date_gmt":"2025-06-12T15:34:27","guid":{"rendered":"https:\/\/www.campinglesarbois.com\/?page_id=5413"},"modified":"2025-07-16T12:27:34","modified_gmt":"2025-07-16T10:27:34","slug":"__trashed-3","status":"publish","type":"page","link":"https:\/\/www.campinglesarbois.com\/fr\/__trashed-3\/","title":{"rendered":"G\u00eete"},"content":{"rendered":"\n<figure class=\"wp-block-image alignfull size-large\"><img decoding=\"async\" width=\"1024\" height=\"213\" src=\"https:\/\/www.campinglesarbois.com\/wp-content\/uploads\/2025\/06\/header-gite-1024x213.jpg\" alt=\"\" class=\"wp-image-6462\" srcset=\"https:\/\/www.campinglesarbois.com\/wp-content\/uploads\/2025\/06\/header-gite-1024x213.jpg 1024w, https:\/\/www.campinglesarbois.com\/wp-content\/uploads\/2025\/06\/header-gite-300x62.jpg 300w, https:\/\/www.campinglesarbois.com\/wp-content\/uploads\/2025\/06\/header-gite-768x160.jpg 768w, https:\/\/www.campinglesarbois.com\/wp-content\/uploads\/2025\/06\/header-gite-1536x320.jpg 1536w, https:\/\/www.campinglesarbois.com\/wp-content\/uploads\/2025\/06\/header-gite.jpg 2048w\" sizes=\"(max-width: 1024px) 100vw, 1024px\" \/><\/figure>\n\n\n\n<div class=\"wp-block-stackable-spacer stk-block-spacer stk--no-padding stk-block stk-ba8f36f\" data-block-id=\"ba8f36f\"><style>.stk-ba8f36f {height:10px !important;}<\/style><\/div>\n\n\n\n\n\n<div class=\"wp-block-stackable-spacer stk-block-spacer stk--no-padding stk-block stk-f8a37f4\" data-block-id=\"f8a37f4\"><style>.stk-f8a37f4 {height:20px !important;}<\/style><\/div>\n\n\n\n<div class=\"wp-block-stackable-columns stk-block-columns stk-block stk-4f2c2db\" data-block-id=\"4f2c2db\"><style>.stk-4f2c2db {margin-bottom:30px !important;}<\/style><div class=\"stk-row stk-inner-blocks stk-block-content stk-content-align stk-4f2c2db-column\">\n<div class=\"wp-block-stackable-column stk-block-column stk-column stk-block stk-58fc7a4\" data-v=\"4\" data-block-id=\"58fc7a4\"><div class=\"stk-column-wrapper stk-block-column__content stk-container stk-58fc7a4-container stk--no-background stk--no-padding\"><div class=\"stk-block-content stk-inner-blocks stk-58fc7a4-inner-blocks\">\n<h2 class=\"wp-block-heading\">G\u00eete<\/h2>\n\n\n\n<p><strong>Le camping n\u2019est pas fait pour vous, mais vous souhaitez quand m\u00eame profiter du calme et de la nature ? Alors notre g\u00eete est peut-\u00eatre fait pour vous.<\/strong><\/p>\n\n\n\n<p>Cette charmante petite maison \u00e9tait autrefois le fournil commun du quartier, o\u00f9 les habitants venaient faire cuire leur pain. Aujourd\u2019hui, elle a \u00e9t\u00e9 transform\u00e9e en un agr\u00e9able tiny house confortable, id\u00e9al pour une ou deux personnes.<\/p>\n\n\n\n<p>\u00c0 l\u2019int\u00e9rieur, vous profitez du confort moderne, comme le chauffage au sol et une magnifique douche \u00e0 effet pluie. Le lit douillet en mezzanine est accessible par un petit escalier, ce qui ajoute du charme \u2014 mais il est moins adapt\u00e9 aux personnes \u00e0 mobilit\u00e9 r\u00e9duite.<\/p>\n\n\n\n<p>Que vous partiez \u00e0 la d\u00e9couverte de la r\u00e9gion \u00e0 pied ou \u00e0 v\u00e9lo, ou que vous recherchiez simplement un lieu paisible pour vous ressourcer, ce g\u00eete a tout pour plaire. Il est enti\u00e8rement \u00e9quip\u00e9, avec notamment le wifi gratuit. Vous souhaitez venir avec un ou deux enfants ? C\u2019est possible, sur demande.<\/p>\n\n\n\n<p>\u00c0 l\u2019ext\u00e9rieur, une terrasse priv\u00e9e vous attend pour vous d\u00e9tendre en toute tranquillit\u00e9. Et pour vous garer ? Rien de plus simple : une place de parking priv\u00e9e se trouve juste \u00e0 c\u00f4t\u00e9 du g\u00eete.<\/p>\n\n\n\n<p>Vous souhaitez conna\u00eetre nos tarifs ou r\u00e9server directement ?\u00a0<\/p>\n\n\n\n<div class=\"wp-block-buttons is-layout-flex wp-block-buttons-is-layout-flex\">\n<div class=\"wp-block-button\"><a class=\"wp-block-button__link wp-element-button\" href=\"https:\/\/www.campinglesarbois.com\/fr\/tarifs\/\">Nos tarifs<\/a><\/div>\n\n\n\n<div class=\"wp-block-button\"><a class=\"wp-block-button__link wp-element-button\" href=\"https:\/\/www.campinglesarbois.com\/fr\/reservez-le-gite\/\">R\u00e9servez le g\u00eete<\/a><\/div>\n<\/div>\n<\/div><\/div><\/div>\n\n\n\n<div class=\"wp-block-stackable-column stk-block-column stk-column stk-block stk-c904693\" data-v=\"4\" data-block-id=\"c904693\"><div class=\"stk-column-wrapper stk-block-column__content stk-container stk-c904693-container stk--no-background stk--no-padding\"><div class=\"stk-block-content stk-inner-blocks stk-c904693-inner-blocks\">\n<figure class=\"wp-block-image aligncenter size-full is-resized\"><img decoding=\"async\" width=\"600\" height=\"430\" src=\"https:\/\/www.campinglesarbois.com\/wp-content\/uploads\/2025\/06\/Gite1.jpg\" alt=\"\" class=\"wp-image-6414\" style=\"width:445px;height:auto\" srcset=\"https:\/\/www.campinglesarbois.com\/wp-content\/uploads\/2025\/06\/Gite1.jpg 600w, https:\/\/www.campinglesarbois.com\/wp-content\/uploads\/2025\/06\/Gite1-300x215.jpg 300w\" sizes=\"(max-width: 600px) 100vw, 600px\" \/><\/figure>\n\n\n\n<div class=\"wp-block-stackable-spacer stk-block-spacer stk--no-padding stk-block stk-1bb6492\" data-block-id=\"1bb6492\"><style>.stk-1bb6492 {height:30px !important;}<\/style><\/div>\n\n\n\n<figure class=\"wp-block-image aligncenter size-full is-resized\"><img decoding=\"async\" width=\"600\" height=\"430\" src=\"https:\/\/www.campinglesarbois.com\/wp-content\/uploads\/2025\/06\/Gite2.jpg\" alt=\"\" class=\"wp-image-6418\" style=\"width:447px;height:auto\" srcset=\"https:\/\/www.campinglesarbois.com\/wp-content\/uploads\/2025\/06\/Gite2.jpg 600w, https:\/\/www.campinglesarbois.com\/wp-content\/uploads\/2025\/06\/Gite2-300x215.jpg 300w\" sizes=\"(max-width: 600px) 100vw, 600px\" \/><\/figure>\n<\/div><\/div><\/div>\n<\/div><\/div>\n\n\n\n<div class=\"wp-block-stackable-columns stk-block-columns stk-block stk-bce4468\" data-block-id=\"bce4468\"><style>.stk-bce4468 {margin-bottom:0px !important;}<\/style><div class=\"stk-row stk-inner-blocks stk-block-content stk-content-align stk-bce4468-column\">\n<div class=\"wp-block-stackable-column stk-block-column stk-column stk-block stk-dbbef2b\" data-v=\"4\" data-block-id=\"dbbef2b\"><style>@media screen and (min-width:690px){.stk-dbbef2b {flex:var(--stk-flex-grow, 1) 1 calc(37.79999999999998% - var(--stk-column-gap, 0px) * 2 \/ 3 ) !important;}}<\/style><div class=\"stk-column-wrapper stk-block-column__content stk-container stk-dbbef2b-container stk--no-background stk--no-padding\"><div class=\"stk-block-content stk-inner-blocks stk-dbbef2b-inner-blocks\"><\/div><\/div><\/div>\n\n\n\n<div class=\"wp-block-stackable-column stk-block-column stk-column stk-block stk-33bde8e\" data-v=\"4\" data-block-id=\"33bde8e\"><style>@media screen and (min-width:690px){.stk-33bde8e {flex:var(--stk-flex-grow, 1) 1 calc(24.3% - var(--stk-column-gap, 0px) * 2 \/ 3 ) !important;}}<\/style><div class=\"stk-column-wrapper stk-block-column__content stk-container stk-33bde8e-container stk--no-background stk--no-padding\"><div class=\"has-text-align-center stk-block-content stk-inner-blocks stk-33bde8e-inner-blocks\">\n<p><strong><em>Ambiance du g\u00eete<\/em><\/strong><\/p>\n<\/div><\/div><\/div>\n\n\n\n<div class=\"wp-block-stackable-column stk-block-column stk-column stk-block stk-d04ecee\" data-v=\"4\" data-block-id=\"d04ecee\"><style>@media screen and (min-width:690px){.stk-d04ecee {flex:var(--stk-flex-grow, 1) 1 calc(37.90000000000003% - var(--stk-column-gap, 0px) * 2 \/ 3 ) !important;}}<\/style><div class=\"stk-column-wrapper stk-block-column__content stk-container stk-d04ecee-container stk--no-background stk--no-padding\"><div class=\"stk-block-content stk-inner-blocks stk-d04ecee-inner-blocks\"><\/div><\/div><\/div>\n<\/div><\/div>\n\n\n\n<div class=\"wp-block-stackable-columns stk-block-columns stk-block stk-420b53e\" data-block-id=\"420b53e\"><div class=\"stk-row stk-inner-blocks stk-block-content stk-content-align stk-420b53e-column\">\n<div class=\"wp-block-stackable-column stk-block-column stk-column stk-block stk-ea4dad5\" data-v=\"4\" data-block-id=\"ea4dad5\"><style>@media screen and (min-width:690px){.stk-ea4dad5 {flex:var(--stk-flex-grow, 1) 1 calc(10% - var(--stk-column-gap, 0px) * 2 \/ 3 ) !important;}}<\/style><div class=\"stk-column-wrapper stk-block-column__content stk-container stk-ea4dad5-container stk--no-background stk--no-padding\"><div class=\"stk-block-content stk-inner-blocks stk-ea4dad5-inner-blocks\"><\/div><\/div><\/div>\n\n\n\n<div class=\"wp-block-stackable-column stk-block-column stk-column stk-block stk-2ad89b6\" data-v=\"4\" data-block-id=\"2ad89b6\"><style>@media screen and (min-width:690px){.stk-2ad89b6 {flex:var(--stk-flex-grow, 1) 1 calc(80.1% - var(--stk-column-gap, 0px) * 2 \/ 3 ) !important;}}<\/style><div class=\"stk-column-wrapper stk-block-column__content stk-container stk-2ad89b6-container stk--no-background stk--no-padding\"><div class=\"stk-block-content stk-inner-blocks stk-2ad89b6-inner-blocks\">\n<figure class=\"wp-block-gallery has-nested-images columns-default is-cropped wp-block-gallery-1 is-layout-flex wp-block-gallery-is-layout-flex\">\n<figure class=\"wp-block-image size-large\"><img decoding=\"async\" width=\"600\" height=\"430\" data-id=\"6422\" src=\"https:\/\/www.campinglesarbois.com\/wp-content\/uploads\/2025\/06\/Galerij-gite1.jpg\" alt=\"\" class=\"wp-image-6422\" srcset=\"https:\/\/www.campinglesarbois.com\/wp-content\/uploads\/2025\/06\/Galerij-gite1.jpg 600w, https:\/\/www.campinglesarbois.com\/wp-content\/uploads\/2025\/06\/Galerij-gite1-300x215.jpg 300w\" sizes=\"(max-width: 600px) 100vw, 600px\" \/><\/figure>\n\n\n\n<figure class=\"wp-block-image size-large\"><img decoding=\"async\" width=\"600\" height=\"430\" data-id=\"6426\" src=\"https:\/\/www.campinglesarbois.com\/wp-content\/uploads\/2025\/06\/Galerij-gite2.jpg\" alt=\"\" class=\"wp-image-6426\" srcset=\"https:\/\/www.campinglesarbois.com\/wp-content\/uploads\/2025\/06\/Galerij-gite2.jpg 600w, https:\/\/www.campinglesarbois.com\/wp-content\/uploads\/2025\/06\/Galerij-gite2-300x215.jpg 300w\" sizes=\"(max-width: 600px) 100vw, 600px\" \/><\/figure>\n\n\n\n<figure class=\"wp-block-image size-large\"><img decoding=\"async\" width=\"1024\" height=\"734\" data-id=\"6455\" src=\"https:\/\/www.campinglesarbois.com\/wp-content\/uploads\/2025\/06\/Galerij-gite3-1-1024x734.jpg\" alt=\"\" class=\"wp-image-6455\" srcset=\"https:\/\/www.campinglesarbois.com\/wp-content\/uploads\/2025\/06\/Galerij-gite3-1-1024x734.jpg 1024w, https:\/\/www.campinglesarbois.com\/wp-content\/uploads\/2025\/06\/Galerij-gite3-1-300x215.jpg 300w, https:\/\/www.campinglesarbois.com\/wp-content\/uploads\/2025\/06\/Galerij-gite3-1-768x550.jpg 768w, https:\/\/www.campinglesarbois.com\/wp-content\/uploads\/2025\/06\/Galerij-gite3-1-1536x1100.jpg 1536w, https:\/\/www.campinglesarbois.com\/wp-content\/uploads\/2025\/06\/Galerij-gite3-1.jpg 1608w\" sizes=\"(max-width: 1024px) 100vw, 1024px\" \/><\/figure>\n\n\n\n<figure class=\"wp-block-image size-large\"><img decoding=\"async\" width=\"600\" height=\"430\" data-id=\"6434\" src=\"https:\/\/www.campinglesarbois.com\/wp-content\/uploads\/2025\/06\/Galerij-gite4.jpg\" alt=\"\" class=\"wp-image-6434\" srcset=\"https:\/\/www.campinglesarbois.com\/wp-content\/uploads\/2025\/06\/Galerij-gite4.jpg 600w, https:\/\/www.campinglesarbois.com\/wp-content\/uploads\/2025\/06\/Galerij-gite4-300x215.jpg 300w\" sizes=\"(max-width: 600px) 100vw, 600px\" \/><\/figure>\n\n\n\n<figure class=\"wp-block-image size-large\"><img decoding=\"async\" width=\"400\" height=\"287\" data-id=\"6449\" src=\"https:\/\/www.campinglesarbois.com\/wp-content\/uploads\/2025\/06\/Galerij-gite5-1.jpg\" alt=\"\" class=\"wp-image-6449\" srcset=\"https:\/\/www.campinglesarbois.com\/wp-content\/uploads\/2025\/06\/Galerij-gite5-1.jpg 400w, https:\/\/www.campinglesarbois.com\/wp-content\/uploads\/2025\/06\/Galerij-gite5-1-300x215.jpg 300w\" sizes=\"(max-width: 400px) 100vw, 400px\" \/><\/figure>\n\n\n\n<figure class=\"wp-block-image size-large\"><img decoding=\"async\" width=\"600\" height=\"430\" data-id=\"6442\" src=\"https:\/\/www.campinglesarbois.com\/wp-content\/uploads\/2025\/06\/Galerij-gite6.jpg\" alt=\"\" class=\"wp-image-6442\" srcset=\"https:\/\/www.campinglesarbois.com\/wp-content\/uploads\/2025\/06\/Galerij-gite6.jpg 600w, https:\/\/www.campinglesarbois.com\/wp-content\/uploads\/2025\/06\/Galerij-gite6-300x215.jpg 300w\" sizes=\"(max-width: 600px) 100vw, 600px\" \/><\/figure>\n<\/figure>\n<\/div><\/div><\/div>\n\n\n\n<div class=\"wp-block-stackable-column stk-block-column stk-column stk-block stk-ac9b805\" data-v=\"4\" data-block-id=\"ac9b805\"><style>@media screen and (min-width:690px){.stk-ac9b805 {flex:var(--stk-flex-grow, 1) 1 calc(9.9% - var(--stk-column-gap, 0px) * 2 \/ 3 ) !important;}}<\/style><div class=\"stk-column-wrapper stk-block-column__content stk-container stk-ac9b805-container stk--no-background stk--no-padding\"><div class=\"stk-block-content stk-inner-blocks stk-ac9b805-inner-blocks\"><\/div><\/div><\/div>\n<\/div><\/div>\n\n\n\n<div class=\"wp-block-stackable-spacer stk-block-spacer stk--no-padding stk-block stk-4fbb158\" data-block-id=\"4fbb158\"><\/div>\n","protected":false},"excerpt":{"rendered":"<p>G\u00eete Le camping n\u2019est pas fait pour vous, mais vous souhaitez quand m\u00eame profiter du calme et de la nature ? Alors notre g\u00eete est peut-\u00eatre fait pour vous. Cette charmante petite maison \u00e9tait autrefois le fournil commun du quartier, o\u00f9 les habitants venaient faire cuire leur pain. Aujourd\u2019hui, elle a \u00e9t\u00e9 transform\u00e9e en un [&hellip;]<\/p>\n","protected":false},"author":2,"featured_media":0,"parent":0,"menu_order":0,"comment_status":"closed","ping_status":"closed","template":"","meta":{"_acf_changed":false,"footnotes":""},"class_list":["post-5413","page","type-page","status-publish","hentry"],"blocksy_meta":{"styles_descriptor":{"styles":{"desktop":"","tablet":"","mobile":""},"google_fonts":[],"version":6}},"acf":[],"featured_image_urls_v2":{"full":"","thumbnail":"","medium":"","medium_large":"","large":"","1536x1536":"","2048x2048":"","gform-image-choice-sm":"","gform-image-choice-md":"","gform-image-choice-lg":""},"post_excerpt_stackable_v2":"<p>G\u00eete Le camping n\u2019est pas fait pour vous, mais vous souhaitez quand m\u00eame profiter du calme et de la nature ? Alors notre g\u00eete est peut-\u00eatre fait pour vous. Cette charmante petite maison \u00e9tait autrefois le fournil commun du quartier, o\u00f9 les habitants venaient faire cuire leur pain. Aujourd\u2019hui, elle a \u00e9t\u00e9 transform\u00e9e en un agr\u00e9able tiny house confortable, id\u00e9al pour une ou deux personnes. \u00c0 l\u2019int\u00e9rieur, vous profitez du confort moderne, comme le chauffage au sol et une magnifique douche \u00e0 effet pluie. Le lit douillet en mezzanine est accessible par un petit escalier, ce qui ajoute du charme\u2026<\/p>\n","category_list_v2":"","author_info_v2":{"name":"lesarbois","url":"https:\/\/www.campinglesarbois.com\/fr\/author\/lesarbois\/"},"comments_num_v2":"0 commentaire","_links":{"self":[{"href":"https:\/\/www.campinglesarbois.com\/fr\/wp-json\/wp\/v2\/pages\/5413","targetHints":{"allow":["GET"]}}],"collection":[{"href":"https:\/\/www.campinglesarbois.com\/fr\/wp-json\/wp\/v2\/pages"}],"about":[{"href":"https:\/\/www.campinglesarbois.com\/fr\/wp-json\/wp\/v2\/types\/page"}],"author":[{"embeddable":true,"href":"https:\/\/www.campinglesarbois.com\/fr\/wp-json\/wp\/v2\/users\/2"}],"replies":[{"embeddable":true,"href":"https:\/\/www.campinglesarbois.com\/fr\/wp-json\/wp\/v2\/comments?post=5413"}],"version-history":[{"count":14,"href":"https:\/\/www.campinglesarbois.com\/fr\/wp-json\/wp\/v2\/pages\/5413\/revisions"}],"predecessor-version":[{"id":7409,"href":"https:\/\/www.campinglesarbois.com\/fr\/wp-json\/wp\/v2\/pages\/5413\/revisions\/7409"}],"wp:attachment":[{"href":"https:\/\/www.campinglesarbois.com\/fr\/wp-json\/wp\/v2\/media?parent=5413"}],"curies":[{"name":"wp","href":"https:\/\/api.w.org\/{rel}","templated":true}]}}