{"id":2866,"date":"2021-10-15T10:43:04","date_gmt":"2021-10-15T10:43:04","guid":{"rendered":"https:\/\/www.campinglesarbois.com\/kampeerplaatsen\/"},"modified":"2025-07-01T15:36:30","modified_gmt":"2025-07-01T13:36:30","slug":"kampeerplaatsen","status":"publish","type":"page","link":"https:\/\/www.campinglesarbois.com\/fr\/kampeerplaatsen\/","title":{"rendered":"Nos emplacements"},"content":{"rendered":"\n<figure class=\"wp-block-image alignfull size-large\"><img decoding=\"async\" width=\"1024\" height=\"213\" src=\"https:\/\/www.campinglesarbois.com\/wp-content\/uploads\/2025\/06\/header-kampeerplaatsen-5-1024x213.jpg\" alt=\"\" class=\"wp-image-6185\" srcset=\"https:\/\/www.campinglesarbois.com\/wp-content\/uploads\/2025\/06\/header-kampeerplaatsen-5-1024x213.jpg 1024w, https:\/\/www.campinglesarbois.com\/wp-content\/uploads\/2025\/06\/header-kampeerplaatsen-5-300x62.jpg 300w, https:\/\/www.campinglesarbois.com\/wp-content\/uploads\/2025\/06\/header-kampeerplaatsen-5-768x160.jpg 768w, https:\/\/www.campinglesarbois.com\/wp-content\/uploads\/2025\/06\/header-kampeerplaatsen-5-1536x320.jpg 1536w, https:\/\/www.campinglesarbois.com\/wp-content\/uploads\/2025\/06\/header-kampeerplaatsen-5.jpg 1916w\" sizes=\"(max-width: 1024px) 100vw, 1024px\" \/><\/figure>\n\n<div class=\"wp-block-stackable-spacer stk-block-spacer stk--no-padding stk-block stk-6a5786f\" data-block-id=\"6a5786f\"><style>.stk-6a5786f {height:10px !important;}<\/style><\/div>\n\n<div class=\"wp-block-stackable-spacer stk-block-spacer stk--no-padding stk-block stk-db47012\" data-block-id=\"db47012\"><style>.stk-db47012 {height:20px !important;}<\/style><\/div>\n\n<div class=\"wp-block-stackable-columns stk-block-columns stk-block stk-5590691\" data-block-id=\"5590691\"><style>.stk-5590691 {margin-bottom:50px !important;}<\/style><div class=\"stk-row stk-inner-blocks stk-block-content stk-content-align stk-5590691-column\">\n<div class=\"wp-block-stackable-column stk-block-column stk-column stk-block stk-572d264\" data-v=\"4\" data-block-id=\"572d264\"><style>@media screen and (min-width:690px){.stk-572d264 {flex:var(--stk-flex-grow, 1) 1 calc(47.2% - var(--stk-column-gap, 0px) * 1 \/ 2 ) !important;}}<\/style><div class=\"stk-column-wrapper stk-block-column__content stk-container stk-572d264-container stk--no-background stk--no-padding\"><div class=\"stk-block-content stk-inner-blocks stk-572d264-inner-blocks\">\n<h2 class=\"wp-block-heading\">Nos emplacements<\/h2>\n\n\n\n<p><strong>Partag\u00e9s sur l\u2019ensemble du camping, nous vous proposons 18 emplacements tous fournis d\u2019\u00e9lectricit\u00e9 d\u2019une puissance de 6 amp\u00e8res avec un acc\u00e8s \u00e0 l\u2019internet.<\/strong><br\/><br\/>Tous nos emplacements sont compatibles pour caravanes, tentes ou encore les camping-cars d\u2019un poids maximal de 5000 Kg \u00e0 cause de notre pelouse fragile. Il y a plusieurs points d\u2019eau disponible sur tout <br\/>le Camping. <br\/>Durant la soir\u00e9e et la nuit notre Camping est agr\u00e9ablement \u00e9clair\u00e9 sans pour autant g\u00e2cher l\u2019incroyable vue sur les \u00e9toiles.<br\/><br\/>Les emplacements sont tous pourvus d\u2019une pelouse agr\u00e9able avec chacun d\u2019entre eux une superficie de plus de 150 m<sup>2<\/sup>. <br\/><br\/>Diff\u00e9rentes sortes de v\u00e9g\u00e9tations sont pr\u00e9sentes afin que vous disposiez de votre petit chez-vous avec suffisamment d\u2019ombre pour les jours de canicule dans lequel vous vous sentirez unis avec la nature.<br\/><br\/>Notre bloc sanitaire dispose en plus des diff\u00e9rentes douches, un lavabo priv\u00e9 afin de vous sentir le plus alaise possible ainsi qu\u2019un \u00ab espace famille \u00bb tr\u00e8s spacieux dispos\u00e9 d\u2019un lavabo, toilette et d\u2019une douche. Celui-ci est tr\u00e8s pratique pour prendre soin de vos enfants et surtout pour les plus petits. \u00c9videmment le s\u00e8che-cheveux ne manque pas.  <br\/><br\/>Les multiples lavabos, toilettes et la machine \u00e0 laver parlent de soi. <br\/>Derri\u00e8re le bloc sanitaire se trouve \u00e9galement un endroit pour vidanger vos eaux us\u00e9es.<br\/><br\/>Vous pouvez retrouver la disposition de notre Camping sur le plan. <br\/>Pour visualiser le plan, <a href=\"https:\/\/www.campinglesarbois.com\/fr\/plattegrond\/\"><strong>cliquez ici.<\/strong> <\/a><br\/><br\/>Curieux de conna\u00eetre nos tarifs ou de r\u00e9server tout de suite\u202f?<\/p>\n\n\n\n<div class=\"wp-block-buttons is-layout-flex wp-block-buttons-is-layout-flex\">\n<div class=\"wp-block-button\"><a class=\"wp-block-button__link wp-element-button\" href=\"https:\/\/www.campinglesarbois.com\/fr\/tarifs\/\">Nos tarifs<\/a><\/div>\n\n\n\n<div class=\"wp-block-button\"><a class=\"wp-block-button__link wp-element-button\" href=\"https:\/\/www.campinglesarbois.com\/fr\/reserveringsformulieren\/\">R\u00e9servez un emplacement\u202f!<\/a><\/div>\n<\/div>\n<\/div><\/div><\/div>\n\n\n\n<div class=\"wp-block-stackable-column stk-block-column stk-column stk-block stk-49018a0\" data-v=\"4\" data-block-id=\"49018a0\"><style>@media screen and (min-width:690px){.stk-49018a0 {flex:var(--stk-flex-grow, 1) 1 calc(52.8% - var(--stk-column-gap, 0px) * 1 \/ 2 ) !important;}}<\/style><div class=\"stk-column-wrapper stk-block-column__content stk-container stk-49018a0-container stk--no-background stk--no-padding\"><div class=\"stk-block-content stk-inner-blocks stk-49018a0-inner-blocks\">\n<div class=\"wp-block-stackable-spacer stk-block-spacer stk--no-padding stk-block stk-a4aefc9\" data-block-id=\"a4aefc9\"><style>.stk-a4aefc9 {height:30px !important;}<\/style><\/div>\n\n\n\n<div class=\"wp-block-stackable-columns stk-block-columns stk-block stk-50bb569\" data-block-id=\"50bb569\"><div class=\"stk-row stk-inner-blocks stk-block-content stk-content-align stk-50bb569-column\">\n<div class=\"wp-block-stackable-column stk-block-column stk-column stk-block stk-e1e8b74\" data-v=\"4\" data-block-id=\"e1e8b74\"><div class=\"stk-column-wrapper stk-block-column__content stk-container stk-e1e8b74-container stk--no-background stk--no-padding\"><div class=\"stk-block-content stk-inner-blocks stk-e1e8b74-inner-blocks\">\n<figure class=\"wp-block-image aligncenter size-full\"><img decoding=\"async\" width=\"600\" height=\"429\" src=\"https:\/\/www.campinglesarbois.com\/wp-content\/uploads\/2025\/06\/Kampeerplaats1-1.jpg\" alt=\"\" class=\"wp-image-6195\" srcset=\"https:\/\/www.campinglesarbois.com\/wp-content\/uploads\/2025\/06\/Kampeerplaats1-1.jpg 600w, https:\/\/www.campinglesarbois.com\/wp-content\/uploads\/2025\/06\/Kampeerplaats1-1-300x215.jpg 300w\" sizes=\"(max-width: 600px) 100vw, 600px\" \/><\/figure>\n<\/div><\/div><\/div>\n\n\n\n<div class=\"wp-block-stackable-column stk-block-column stk-column stk-block stk-466c83e\" data-v=\"4\" data-block-id=\"466c83e\"><div class=\"stk-column-wrapper stk-block-column__content stk-container stk-466c83e-container stk--no-background stk--no-padding\"><div class=\"stk-block-content stk-inner-blocks stk-466c83e-inner-blocks\">\n<figure class=\"wp-block-image aligncenter size-full\"><img decoding=\"async\" width=\"600\" height=\"430\" src=\"https:\/\/www.campinglesarbois.com\/wp-content\/uploads\/2025\/06\/Kampeerplaats8.jpg\" alt=\"\" class=\"wp-image-7070\" srcset=\"https:\/\/www.campinglesarbois.com\/wp-content\/uploads\/2025\/06\/Kampeerplaats8.jpg 600w, https:\/\/www.campinglesarbois.com\/wp-content\/uploads\/2025\/06\/Kampeerplaats8-300x215.jpg 300w\" sizes=\"(max-width: 600px) 100vw, 600px\" \/><\/figure>\n<\/div><\/div><\/div>\n<\/div><\/div>\n\n\n\n<div class=\"wp-block-stackable-columns stk-block-columns stk-block stk-174793b\" data-block-id=\"174793b\"><div class=\"stk-row stk-inner-blocks stk-block-content stk-content-align stk-174793b-column\">\n<div class=\"wp-block-stackable-column stk-block-column stk-column stk-block stk-82407dd\" data-v=\"4\" data-block-id=\"82407dd\"><div class=\"stk-column-wrapper stk-block-column__content stk-container stk-82407dd-container stk--no-background stk--no-padding\"><div class=\"stk-block-content stk-inner-blocks stk-82407dd-inner-blocks\">\n<figure class=\"wp-block-image size-full\"><img decoding=\"async\" width=\"600\" height=\"429\" src=\"https:\/\/www.campinglesarbois.com\/wp-content\/uploads\/2025\/06\/Kampeerplaats3.jpg\" alt=\"\" class=\"wp-image-6204\" srcset=\"https:\/\/www.campinglesarbois.com\/wp-content\/uploads\/2025\/06\/Kampeerplaats3.jpg 600w, https:\/\/www.campinglesarbois.com\/wp-content\/uploads\/2025\/06\/Kampeerplaats3-300x215.jpg 300w\" sizes=\"(max-width: 600px) 100vw, 600px\" \/><\/figure>\n<\/div><\/div><\/div>\n\n\n\n<div class=\"wp-block-stackable-column stk-block-column stk-column stk-block stk-c0cd89e\" data-v=\"4\" data-block-id=\"c0cd89e\"><div class=\"stk-column-wrapper stk-block-column__content stk-container stk-c0cd89e-container stk--no-background stk--no-padding\"><div class=\"stk-block-content stk-inner-blocks stk-c0cd89e-inner-blocks\">\n<figure class=\"wp-block-image size-full\"><img decoding=\"async\" width=\"600\" height=\"430\" src=\"https:\/\/www.campinglesarbois.com\/wp-content\/uploads\/2025\/06\/Kampeerplaats4-1.jpg\" alt=\"\" class=\"wp-image-7062\" srcset=\"https:\/\/www.campinglesarbois.com\/wp-content\/uploads\/2025\/06\/Kampeerplaats4-1.jpg 600w, https:\/\/www.campinglesarbois.com\/wp-content\/uploads\/2025\/06\/Kampeerplaats4-1-300x215.jpg 300w\" sizes=\"(max-width: 600px) 100vw, 600px\" \/><\/figure>\n<\/div><\/div><\/div>\n<\/div><\/div>\n\n\n\n<div class=\"wp-block-stackable-columns stk-block-columns stk-block stk-c1c28a8\" data-block-id=\"c1c28a8\"><div class=\"stk-row stk-inner-blocks stk-block-content stk-content-align stk-c1c28a8-column\">\n<div class=\"wp-block-stackable-column stk-block-column stk-column stk-block stk-b141fbf\" data-v=\"4\" data-block-id=\"b141fbf\"><div class=\"stk-column-wrapper stk-block-column__content stk-container stk-b141fbf-container stk--no-background stk--no-padding\"><div class=\"stk-block-content stk-inner-blocks stk-b141fbf-inner-blocks\">\n<figure class=\"wp-block-image size-full\"><img decoding=\"async\" width=\"600\" height=\"429\" src=\"https:\/\/www.campinglesarbois.com\/wp-content\/uploads\/2025\/06\/Kampeerplaats6.jpg\" alt=\"\" class=\"wp-image-6216\" srcset=\"https:\/\/www.campinglesarbois.com\/wp-content\/uploads\/2025\/06\/Kampeerplaats6.jpg 600w, https:\/\/www.campinglesarbois.com\/wp-content\/uploads\/2025\/06\/Kampeerplaats6-300x215.jpg 300w\" sizes=\"(max-width: 600px) 100vw, 600px\" \/><\/figure>\n<\/div><\/div><\/div>\n\n\n\n<div class=\"wp-block-stackable-column stk-block-column stk-column stk-block stk-72d81a4\" data-v=\"4\" data-block-id=\"72d81a4\"><div class=\"stk-column-wrapper stk-block-column__content stk-container stk-72d81a4-container stk--no-background stk--no-padding\"><div class=\"stk-block-content stk-inner-blocks stk-72d81a4-inner-blocks\">\n<figure class=\"wp-block-image size-full\"><img decoding=\"async\" width=\"600\" height=\"429\" src=\"https:\/\/www.campinglesarbois.com\/wp-content\/uploads\/2025\/06\/Kampeerplaats5.jpg\" alt=\"\" class=\"wp-image-6212\" srcset=\"https:\/\/www.campinglesarbois.com\/wp-content\/uploads\/2025\/06\/Kampeerplaats5.jpg 600w, https:\/\/www.campinglesarbois.com\/wp-content\/uploads\/2025\/06\/Kampeerplaats5-300x215.jpg 300w\" sizes=\"(max-width: 600px) 100vw, 600px\" \/><\/figure>\n<\/div><\/div><\/div>\n<\/div><\/div>\n\n\n\n<div class=\"wp-block-stackable-columns stk-block-columns stk-block stk-2c99719\" data-block-id=\"2c99719\"><div class=\"stk-row stk-inner-blocks stk-block-content stk-content-align stk-2c99719-column\">\n<div class=\"wp-block-stackable-column stk-block-column stk-column stk-block stk-c358c0a\" data-v=\"4\" data-block-id=\"c358c0a\"><div class=\"stk-column-wrapper stk-block-column__content stk-container stk-c358c0a-container stk--no-background stk--no-padding\"><div class=\"stk-block-content stk-inner-blocks stk-c358c0a-inner-blocks\">\n<figure class=\"wp-block-image size-full\"><img decoding=\"async\" width=\"600\" height=\"428\" src=\"https:\/\/www.campinglesarbois.com\/wp-content\/uploads\/2025\/06\/Kampeerplaats2.jpg\" alt=\"\" class=\"wp-image-6200\" srcset=\"https:\/\/www.campinglesarbois.com\/wp-content\/uploads\/2025\/06\/Kampeerplaats2.jpg 600w, https:\/\/www.campinglesarbois.com\/wp-content\/uploads\/2025\/06\/Kampeerplaats2-300x214.jpg 300w\" sizes=\"(max-width: 600px) 100vw, 600px\" \/><\/figure>\n<\/div><\/div><\/div>\n\n\n\n<div class=\"wp-block-stackable-column stk-block-column stk-column stk-block stk-e776e12\" data-v=\"4\" data-block-id=\"e776e12\"><div class=\"stk-column-wrapper stk-block-column__content stk-container stk-e776e12-container stk--no-background stk--no-padding\"><div class=\"stk-block-content stk-inner-blocks stk-e776e12-inner-blocks\">\n<figure class=\"wp-block-image size-full\"><img decoding=\"async\" width=\"600\" height=\"430\" src=\"https:\/\/www.campinglesarbois.com\/wp-content\/uploads\/2025\/06\/Kampeerplaats7.jpg\" alt=\"\" class=\"wp-image-7066\" srcset=\"https:\/\/www.campinglesarbois.com\/wp-content\/uploads\/2025\/06\/Kampeerplaats7.jpg 600w, https:\/\/www.campinglesarbois.com\/wp-content\/uploads\/2025\/06\/Kampeerplaats7-300x215.jpg 300w\" sizes=\"(max-width: 600px) 100vw, 600px\" \/><\/figure>\n<\/div><\/div><\/div>\n<\/div><\/div>\n<\/div><\/div><\/div>\n<\/div><\/div>\n\n<p><\/p>\n","protected":false},"excerpt":{"rendered":"<p>Nos emplacements Partag\u00e9s sur l\u2019ensemble du camping, nous vous proposons 18 emplacements tous fournis d\u2019\u00e9lectricit\u00e9 d\u2019une puissance de 6 amp\u00e8res avec un acc\u00e8s \u00e0 l\u2019internet. Tous nos emplacements sont compatibles pour caravanes, tentes ou encore les camping-cars d\u2019un poids maximal de 5000 Kg \u00e0 cause de notre pelouse fragile. Il y a plusieurs points d\u2019eau [&hellip;]<\/p>\n","protected":false},"author":1,"featured_media":0,"parent":0,"menu_order":0,"comment_status":"closed","ping_status":"closed","template":"","meta":{"_acf_changed":false,"footnotes":""},"class_list":["post-2866","page","type-page","status-publish","hentry"],"blocksy_meta":[],"acf":[],"featured_image_urls_v2":{"full":"","thumbnail":"","medium":"","medium_large":"","large":"","1536x1536":"","2048x2048":"","gform-image-choice-sm":"","gform-image-choice-md":"","gform-image-choice-lg":""},"post_excerpt_stackable_v2":"<p>Nos emplacements Partag\u00e9s sur l\u2019ensemble du camping, nous vous proposons 18 emplacements tous fournis d\u2019\u00e9lectricit\u00e9 d\u2019une puissance de 6 amp\u00e8res avec un acc\u00e8s \u00e0 l\u2019internet.Tous nos emplacements sont compatibles pour caravanes, tentes ou encore les camping-cars d\u2019un poids maximal de 5000 Kg \u00e0 cause de notre pelouse fragile. Il y a plusieurs points d\u2019eau disponible sur tout le Camping. Durant la soir\u00e9e et la nuit notre Camping est agr\u00e9ablement \u00e9clair\u00e9 sans pour autant g\u00e2cher l\u2019incroyable vue sur les \u00e9toiles.Les emplacements sont tous pourvus d\u2019une pelouse agr\u00e9able avec chacun d\u2019entre eux une superficie de plus de 150 m2. Diff\u00e9rentes sortes de\u2026<\/p>\n","category_list_v2":"","author_info_v2":{"name":"best4u","url":"https:\/\/www.campinglesarbois.com\/fr\/author\/best4u\/"},"comments_num_v2":"0 commentaire","_links":{"self":[{"href":"https:\/\/www.campinglesarbois.com\/fr\/wp-json\/wp\/v2\/pages\/2866","targetHints":{"allow":["GET"]}}],"collection":[{"href":"https:\/\/www.campinglesarbois.com\/fr\/wp-json\/wp\/v2\/pages"}],"about":[{"href":"https:\/\/www.campinglesarbois.com\/fr\/wp-json\/wp\/v2\/types\/page"}],"author":[{"embeddable":true,"href":"https:\/\/www.campinglesarbois.com\/fr\/wp-json\/wp\/v2\/users\/1"}],"replies":[{"embeddable":true,"href":"https:\/\/www.campinglesarbois.com\/fr\/wp-json\/wp\/v2\/comments?post=2866"}],"version-history":[{"count":20,"href":"https:\/\/www.campinglesarbois.com\/fr\/wp-json\/wp\/v2\/pages\/2866\/revisions"}],"predecessor-version":[{"id":7208,"href":"https:\/\/www.campinglesarbois.com\/fr\/wp-json\/wp\/v2\/pages\/2866\/revisions\/7208"}],"wp:attachment":[{"href":"https:\/\/www.campinglesarbois.com\/fr\/wp-json\/wp\/v2\/media?parent=2866"}],"curies":[{"name":"wp","href":"https:\/\/api.w.org\/{rel}","templated":true}]}}