{"id":2860,"date":"2021-10-15T10:43:04","date_gmt":"2021-10-15T10:43:04","guid":{"rendered":"https:\/\/www.campinglesarbois.com\/luxe-tunneltent\/"},"modified":"2026-02-06T09:57:04","modified_gmt":"2026-02-06T08:57:04","slug":"luxe-tunneltent","status":"publish","type":"page","link":"https:\/\/www.campinglesarbois.com\/fr\/luxe-tunneltent\/","title":{"rendered":"Nos tentes tunnel"},"content":{"rendered":"\n<figure class=\"wp-block-image alignfull size-large\"><img decoding=\"async\" width=\"1024\" height=\"214\" src=\"https:\/\/www.campinglesarbois.com\/wp-content\/uploads\/2025\/06\/header-tunneltent-1024x214.jpg\" alt=\"\" class=\"wp-image-6258\" srcset=\"https:\/\/www.campinglesarbois.com\/wp-content\/uploads\/2025\/06\/header-tunneltent-1024x214.jpg 1024w, https:\/\/www.campinglesarbois.com\/wp-content\/uploads\/2025\/06\/header-tunneltent-300x63.jpg 300w, https:\/\/www.campinglesarbois.com\/wp-content\/uploads\/2025\/06\/header-tunneltent-768x160.jpg 768w, https:\/\/www.campinglesarbois.com\/wp-content\/uploads\/2025\/06\/header-tunneltent-1536x320.jpg 1536w, https:\/\/www.campinglesarbois.com\/wp-content\/uploads\/2025\/06\/header-tunneltent.jpg 2048w\" sizes=\"(max-width: 1024px) 100vw, 1024px\" \/><\/figure>\n\n<div class=\"wp-block-stackable-spacer stk-block-spacer stk--no-padding stk-block stk-48239d1\" data-block-id=\"48239d1\"><style>.stk-48239d1 {height:10px !important;}<\/style><\/div>\n\n<div class=\"wp-block-stackable-spacer stk-block-spacer stk--no-padding stk-block stk-302948c\" data-block-id=\"302948c\"><style>.stk-302948c {height:20px !important;}<\/style><\/div>\n\n<div class=\"wp-block-stackable-columns stk-block-columns stk-block stk-0872297\" data-block-id=\"0872297\"><style>.stk-0872297 {margin-bottom:25px !important;}<\/style><div class=\"stk-row stk-inner-blocks stk-block-content stk-content-align stk-0872297-column\">\n<div class=\"wp-block-stackable-column stk-block-column stk-column stk-block stk-fc3dd59\" data-v=\"4\" data-block-id=\"fc3dd59\"><style>@media screen and (min-width:690px){.stk-fc3dd59 {flex:var(--stk-flex-grow, 1) 1 calc(51.9% - var(--stk-column-gap, 0px) * 1 \/ 2 ) !important;}}<\/style><div class=\"stk-column-wrapper stk-block-column__content stk-container stk-fc3dd59-container stk--no-background stk--no-padding\"><div class=\"stk-block-content stk-inner-blocks stk-fc3dd59-inner-blocks\">\n<h1 class=\"wp-block-heading\">Nos tentes tunnel<\/h1>\n\n\n\n<p><strong>Et c\u2019est bien compr\u00e9hensible : on recherche le calme, l\u2019espace et le plaisir d\u2019\u00eatre dehors. Vous voulez d\u2019abord d\u00e9couvrir le camping sans devoir tout acheter ? <\/strong> Ou vous aimez simplement arriver et commencer vos vacances sans stress ni organisation ? Alors notre <strong>tente tunnel<\/strong> enti\u00e8rement \u00e9quip\u00e9e est faite pour vous.  <\/p>\n\n\n\n<p>Notre tente spacieuse est fabriqu\u00e9e en toile de haute qualit\u00e9 Ten Cate et offre beaucoup d\u2019espace, \u00e0 l\u2019int\u00e9rieur comme \u00e0 l\u2019ext\u00e9rieur. Elle est confortablement am\u00e9nag\u00e9e \u2014 il ne vous reste plus qu\u2019\u00e0 poser vos valises. <\/p>\n\n\n\n<ul class=\"wp-block-list\">\n<li><strong>3 cabines de couchage<\/strong> pour 6 personnes<br\/>(Avec un lit double fixe) <\/li>\n\n\n\n<li><strong>Lits fixes<\/strong> avec matelas confortables et oreillers<\/li>\n\n\n\n<li><strong>Kit de linge<\/strong> (couettes, housses, serviettes) en location ou \u00e0 apporter soi-m\u00eame<\/li>\n\n\n\n<li><strong>Lit b\u00e9b\u00e9 <\/strong>disponible sur demande<\/li>\n<\/ul>\n\n\n\n<p>\u00c0 l\u2019int\u00e9rieur, vous trouverez un coin salon agr\u00e9able avec table, \u00e9clairage et un espace de jeux pour les enfants. Sur la terrasse en bois, un \u00eelot de cuisine enti\u00e8rement \u00e9quip\u00e9 vous attend avec r\u00e9frig\u00e9rateur (avec compartiment cong\u00e9lateur) et ustensiles. Deux fauteuils relax, ainsi qu\u2019une table de pique-nique avec parasol, vous permettront de profiter pleinement de la vie en plein air.  <\/p>\n\n\n\n<p>Curieux de conna\u00eetre nos tarifs ou de r\u00e9server tout de suite\u202f?<\/p>\n\n\n\n<div class=\"wp-block-buttons is-content-justification-left is-layout-flex wp-container-core-buttons-is-layout-fc4fd283 wp-block-buttons-is-layout-flex\">\n<div class=\"wp-block-button\"><a class=\"wp-block-button__link wp-element-button\" href=\"https:\/\/www.campinglesarbois.com\/fr\/tarifs\/\">Nos tarifs<\/a><\/div>\n\n\n\n<div class=\"wp-block-button\"><a class=\"wp-block-button__link wp-element-button\" href=\"https:\/\/www.campinglesarbois.com\/fr\/reserveren-tunneltent\/\">R\u00e9servez une tente tunnel\u202f!<\/a><\/div>\n<\/div>\n<\/div><\/div><\/div>\n\n\n\n<div class=\"wp-block-stackable-column stk-block-column stk-column stk-block stk-069be1d\" data-v=\"4\" data-block-id=\"069be1d\"><style>@media screen and (min-width:690px){.stk-069be1d {flex:var(--stk-flex-grow, 1) 1 calc(48.1% - var(--stk-column-gap, 0px) * 1 \/ 2 ) !important;}}<\/style><div class=\"stk-column-wrapper stk-block-column__content stk-container stk-069be1d-container stk--no-background stk--no-padding\"><div class=\"stk-block-content stk-inner-blocks stk-069be1d-inner-blocks\">\n<figure class=\"wp-block-image aligncenter size-full is-resized is-style-default\"><a href=\"https:\/\/www.campinglesarbois.com\/wp-content\/uploads\/2025\/06\/Tunneltent1.jpg\"><img decoding=\"async\" width=\"600\" height=\"430\" src=\"https:\/\/www.campinglesarbois.com\/wp-content\/uploads\/2025\/06\/Tunneltent1.jpg\" alt=\"\" class=\"wp-image-6264\" style=\"aspect-ratio:1.25;object-fit:cover;width:394px;height:auto\" srcset=\"https:\/\/www.campinglesarbois.com\/wp-content\/uploads\/2025\/06\/Tunneltent1.jpg 600w, https:\/\/www.campinglesarbois.com\/wp-content\/uploads\/2025\/06\/Tunneltent1-300x215.jpg 300w\" sizes=\"(max-width: 600px) 100vw, 600px\" \/><\/a><\/figure>\n\n\n\n<div class=\"wp-block-stackable-spacer stk-block-spacer stk--no-padding stk-block stk-2e8f025\" data-block-id=\"2e8f025\"><style>.stk-2e8f025 {height:30px !important;}<\/style><\/div>\n\n\n\n<figure class=\"wp-block-image aligncenter size-full is-resized is-style-default\"><a href=\"https:\/\/www.campinglesarbois.com\/wp-content\/uploads\/2025\/06\/Tunneltent2.jpg\"><img decoding=\"async\" width=\"600\" height=\"430\" src=\"https:\/\/www.campinglesarbois.com\/wp-content\/uploads\/2025\/06\/Tunneltent2.jpg\" alt=\"\" class=\"wp-image-6268\" style=\"aspect-ratio:1.25;object-fit:cover;width:398px;height:auto\" srcset=\"https:\/\/www.campinglesarbois.com\/wp-content\/uploads\/2025\/06\/Tunneltent2.jpg 600w, https:\/\/www.campinglesarbois.com\/wp-content\/uploads\/2025\/06\/Tunneltent2-300x215.jpg 300w\" sizes=\"(max-width: 600px) 100vw, 600px\" \/><\/a><\/figure>\n<\/div><\/div><\/div>\n<\/div><\/div>\n\n<div class=\"wp-block-stackable-divider stk-block-divider stk-block stk-ffbfd23\" data-block-id=\"ffbfd23\"><style>.stk-ffbfd23 {margin-bottom:7px !important;}<\/style><hr class=\"stk-block-divider__hr\"\/><\/div>\n\n<div class=\"wp-block-stackable-columns stk-block-columns stk-block stk-920b806\" data-block-id=\"920b806\"><style>.stk-920b806 {margin-bottom:0px !important;}<\/style><div class=\"stk-row stk-inner-blocks stk-block-content stk-content-align stk-920b806-column\">\n<div class=\"wp-block-stackable-column stk-block-column stk-column stk-block stk-3083c5d\" data-v=\"4\" data-block-id=\"3083c5d\"><style>@media screen and (min-width:690px){.stk-3083c5d {flex:var(--stk-flex-grow, 1) 1 calc(39.3% - var(--stk-column-gap, 0px) * 2 \/ 3 ) !important;}}<\/style><div class=\"stk-column-wrapper stk-block-column__content stk-container stk-3083c5d-container stk--no-background stk--no-padding\"><div class=\"stk-block-content stk-inner-blocks stk-3083c5d-inner-blocks\"><\/div><\/div><\/div>\n\n\n\n<div class=\"wp-block-stackable-column stk-block-column stk-column stk-block stk-de8644b\" data-v=\"4\" data-block-id=\"de8644b\"><style>@media screen and (min-width:690px){.stk-de8644b {flex:var(--stk-flex-grow, 1) 1 calc(27.367000000000004% - var(--stk-column-gap, 0px) * 2 \/ 3 ) !important;}}<\/style><div class=\"stk-column-wrapper stk-block-column__content stk-container stk-de8644b-container stk--no-background stk--no-padding\"><div class=\"stk-block-content stk-inner-blocks stk-de8644b-inner-blocks\">\n<p><strong><em>Ambiance de la tente tunnel<\/em><\/strong><\/p>\n<\/div><\/div><\/div>\n\n\n\n<div class=\"wp-block-stackable-column stk-block-column stk-column stk-block stk-d15efd0\" data-v=\"4\" data-block-id=\"d15efd0\"><style>@media screen and (min-width:690px){.stk-d15efd0 {flex:var(--stk-flex-grow, 1) 1 calc(33.333% - var(--stk-column-gap, 0px) * 2 \/ 3 ) !important;}}<\/style><div class=\"stk-column-wrapper stk-block-column__content stk-container stk-d15efd0-container stk--no-background stk--no-padding\"><div class=\"stk-block-content stk-inner-blocks stk-d15efd0-inner-blocks\"><\/div><\/div><\/div>\n<\/div><\/div>\n\n<div class=\"wp-block-stackable-columns stk-block-columns stk-block stk-43b82a8\" data-block-id=\"43b82a8\"><style>.stk-43b82a8 {margin-bottom:1px !important;}<\/style><div class=\"stk-row stk-inner-blocks stk-block-content stk-content-align stk-43b82a8-column\">\n<div class=\"wp-block-stackable-column stk-block-column stk-column stk-block stk-f87fb0a\" data-v=\"4\" data-block-id=\"f87fb0a\"><style>@media screen and (min-width:690px){.stk-f87fb0a {flex:var(--stk-flex-grow, 1) 1 calc(10% - var(--stk-column-gap, 0px) * 2 \/ 3 ) !important;}}<\/style><div class=\"stk-column-wrapper stk-block-column__content stk-container stk-f87fb0a-container stk--no-background stk--no-padding\"><div class=\"stk-block-content stk-inner-blocks stk-f87fb0a-inner-blocks\"><\/div><\/div><\/div>\n\n\n\n<div class=\"wp-block-stackable-column stk-block-column stk-column stk-block stk-35c7ccf\" data-v=\"4\" data-block-id=\"35c7ccf\"><style>@media screen and (min-width:690px){.stk-35c7ccf {flex:var(--stk-flex-grow, 1) 1 calc(80% - var(--stk-column-gap, 0px) * 2 \/ 3 ) !important;}}<\/style><div class=\"stk-column-wrapper stk-block-column__content stk-container stk-35c7ccf-container stk--no-background stk--no-padding\"><div class=\"stk-block-content stk-inner-blocks stk-35c7ccf-inner-blocks\">\n<figure class=\"wp-block-gallery has-nested-images columns-default is-cropped wp-block-gallery-1 is-layout-flex wp-block-gallery-is-layout-flex\">\n<figure class=\"wp-block-image size-large\"><img decoding=\"async\" width=\"600\" height=\"430\" data-id=\"6276\" src=\"https:\/\/www.campinglesarbois.com\/wp-content\/uploads\/2025\/06\/Galerij-tunnel1.jpg\" alt=\"\" class=\"wp-image-6276\" srcset=\"https:\/\/www.campinglesarbois.com\/wp-content\/uploads\/2025\/06\/Galerij-tunnel1.jpg 600w, https:\/\/www.campinglesarbois.com\/wp-content\/uploads\/2025\/06\/Galerij-tunnel1-300x215.jpg 300w\" sizes=\"(max-width: 600px) 100vw, 600px\" \/><\/figure>\n\n\n\n<figure class=\"wp-block-image size-large\"><img decoding=\"async\" width=\"600\" height=\"430\" data-id=\"6280\" src=\"https:\/\/www.campinglesarbois.com\/wp-content\/uploads\/2025\/06\/Galerij-tunnel2.jpg\" alt=\"\" class=\"wp-image-6280\" srcset=\"https:\/\/www.campinglesarbois.com\/wp-content\/uploads\/2025\/06\/Galerij-tunnel2.jpg 600w, https:\/\/www.campinglesarbois.com\/wp-content\/uploads\/2025\/06\/Galerij-tunnel2-300x215.jpg 300w\" sizes=\"(max-width: 600px) 100vw, 600px\" \/><\/figure>\n\n\n\n<figure class=\"wp-block-image size-large\"><img decoding=\"async\" width=\"600\" height=\"430\" data-id=\"6284\" src=\"https:\/\/www.campinglesarbois.com\/wp-content\/uploads\/2025\/06\/Galerij-tunnel3.jpg\" alt=\"\" class=\"wp-image-6284\" srcset=\"https:\/\/www.campinglesarbois.com\/wp-content\/uploads\/2025\/06\/Galerij-tunnel3.jpg 600w, https:\/\/www.campinglesarbois.com\/wp-content\/uploads\/2025\/06\/Galerij-tunnel3-300x215.jpg 300w\" sizes=\"(max-width: 600px) 100vw, 600px\" \/><\/figure>\n\n\n\n<figure class=\"wp-block-image size-large\"><img decoding=\"async\" width=\"600\" height=\"430\" data-id=\"6288\" src=\"https:\/\/www.campinglesarbois.com\/wp-content\/uploads\/2025\/06\/Galerij-tunnel4.jpg\" alt=\"\" class=\"wp-image-6288\" srcset=\"https:\/\/www.campinglesarbois.com\/wp-content\/uploads\/2025\/06\/Galerij-tunnel4.jpg 600w, https:\/\/www.campinglesarbois.com\/wp-content\/uploads\/2025\/06\/Galerij-tunnel4-300x215.jpg 300w\" sizes=\"(max-width: 600px) 100vw, 600px\" \/><\/figure>\n\n\n\n<figure class=\"wp-block-image size-large\"><img decoding=\"async\" width=\"600\" height=\"430\" data-id=\"6292\" src=\"https:\/\/www.campinglesarbois.com\/wp-content\/uploads\/2025\/06\/Galerij-tunnel5.jpg\" alt=\"\" class=\"wp-image-6292\" srcset=\"https:\/\/www.campinglesarbois.com\/wp-content\/uploads\/2025\/06\/Galerij-tunnel5.jpg 600w, https:\/\/www.campinglesarbois.com\/wp-content\/uploads\/2025\/06\/Galerij-tunnel5-300x215.jpg 300w\" sizes=\"(max-width: 600px) 100vw, 600px\" \/><\/figure>\n\n\n\n<figure class=\"wp-block-image size-large\"><img decoding=\"async\" width=\"600\" height=\"430\" data-id=\"6296\" src=\"https:\/\/www.campinglesarbois.com\/wp-content\/uploads\/2025\/06\/Galerij-tunnel6.jpg\" alt=\"\" class=\"wp-image-6296\" srcset=\"https:\/\/www.campinglesarbois.com\/wp-content\/uploads\/2025\/06\/Galerij-tunnel6.jpg 600w, https:\/\/www.campinglesarbois.com\/wp-content\/uploads\/2025\/06\/Galerij-tunnel6-300x215.jpg 300w\" sizes=\"(max-width: 600px) 100vw, 600px\" \/><\/figure>\n<\/figure>\n<\/div><\/div><\/div>\n\n\n\n<div class=\"wp-block-stackable-column stk-block-column stk-column stk-block stk-04a9c03\" data-v=\"4\" data-block-id=\"04a9c03\"><style>@media screen and (min-width:690px){.stk-04a9c03 {flex:var(--stk-flex-grow, 1) 1 calc(10% - var(--stk-column-gap, 0px) * 2 \/ 3 ) !important;}}<\/style><div class=\"stk-column-wrapper stk-block-column__content stk-container stk-04a9c03-container stk--no-background stk--no-padding\"><div class=\"stk-block-content stk-inner-blocks stk-04a9c03-inner-blocks\"><\/div><\/div><\/div>\n<\/div><\/div>\n\n<div class=\"wp-block-stackable-spacer stk-block-spacer stk--no-padding stk-block stk-ea010b1\" data-block-id=\"ea010b1\"><style>.stk-ea010b1 {height:50px !important;}<\/style><\/div>\n","protected":false},"excerpt":{"rendered":"<p>Nos tentes tunnel Et c\u2019est bien compr\u00e9hensible : on recherche le calme, l\u2019espace et le plaisir d\u2019\u00eatre dehors. Vous voulez d\u2019abord d\u00e9couvrir le camping sans devoir tout acheter ? Ou vous aimez simplement arriver et commencer vos vacances sans stress ni organisation ? Alors notre tente tunnel enti\u00e8rement \u00e9quip\u00e9e est faite pour vous. Notre tente [&hellip;]<\/p>\n","protected":false},"author":1,"featured_media":0,"parent":0,"menu_order":0,"comment_status":"closed","ping_status":"closed","template":"","meta":{"_acf_changed":false,"footnotes":""},"class_list":["post-2860","page","type-page","status-publish","hentry"],"blocksy_meta":[],"acf":[],"featured_image_urls_v2":{"full":"","thumbnail":"","medium":"","medium_large":"","large":"","1536x1536":"","2048x2048":"","gform-image-choice-sm":"","gform-image-choice-md":"","gform-image-choice-lg":""},"post_excerpt_stackable_v2":"<p>Nos tentes tunnel Et c\u2019est bien compr\u00e9hensible : on recherche le calme, l\u2019espace et le plaisir d\u2019\u00eatre dehors. Vous voulez d\u2019abord d\u00e9couvrir le camping sans devoir tout acheter ? Ou vous aimez simplement arriver et commencer vos vacances sans stress ni organisation ? Alors notre tente tunnel enti\u00e8rement \u00e9quip\u00e9e est faite pour vous. Notre tente spacieuse est fabriqu\u00e9e en toile de haute qualit\u00e9 Ten Cate et offre beaucoup d\u2019espace, \u00e0 l\u2019int\u00e9rieur comme \u00e0 l\u2019ext\u00e9rieur. Elle est confortablement am\u00e9nag\u00e9e \u2014 il ne vous reste plus qu\u2019\u00e0 poser vos valises. 3 cabines de couchage pour 6 personnes(Avec un lit double fixe) Lits\u2026<\/p>\n","category_list_v2":"","author_info_v2":{"name":"best4u","url":"https:\/\/www.campinglesarbois.com\/fr\/author\/best4u\/"},"comments_num_v2":"0 commentaire","_links":{"self":[{"href":"https:\/\/www.campinglesarbois.com\/fr\/wp-json\/wp\/v2\/pages\/2860","targetHints":{"allow":["GET"]}}],"collection":[{"href":"https:\/\/www.campinglesarbois.com\/fr\/wp-json\/wp\/v2\/pages"}],"about":[{"href":"https:\/\/www.campinglesarbois.com\/fr\/wp-json\/wp\/v2\/types\/page"}],"author":[{"embeddable":true,"href":"https:\/\/www.campinglesarbois.com\/fr\/wp-json\/wp\/v2\/users\/1"}],"replies":[{"embeddable":true,"href":"https:\/\/www.campinglesarbois.com\/fr\/wp-json\/wp\/v2\/comments?post=2860"}],"version-history":[{"count":20,"href":"https:\/\/www.campinglesarbois.com\/fr\/wp-json\/wp\/v2\/pages\/2860\/revisions"}],"predecessor-version":[{"id":7809,"href":"https:\/\/www.campinglesarbois.com\/fr\/wp-json\/wp\/v2\/pages\/2860\/revisions\/7809"}],"wp:attachment":[{"href":"https:\/\/www.campinglesarbois.com\/fr\/wp-json\/wp\/v2\/media?parent=2860"}],"curies":[{"name":"wp","href":"https:\/\/api.w.org\/{rel}","templated":true}]}}