{"id":2854,"date":"2021-10-15T10:43:04","date_gmt":"2021-10-15T10:43:04","guid":{"rendered":"https:\/\/www.campinglesarbois.com\/reserveringsformulieren\/"},"modified":"2026-02-05T20:23:28","modified_gmt":"2026-02-05T19:23:28","slug":"reserveringsformulieren","status":"publish","type":"page","link":"https:\/\/www.campinglesarbois.com\/fr\/reserveringsformulieren\/","title":{"rendered":"R\u00e9servez"},"content":{"rendered":"\n<figure class=\"wp-block-image alignfull size-large\"><img decoding=\"async\" width=\"1024\" height=\"213\" src=\"https:\/\/www.campinglesarbois.com\/wp-content\/uploads\/2025\/06\/header-home-1024x213.jpg\" alt=\"\" class=\"wp-image-6125\" srcset=\"https:\/\/www.campinglesarbois.com\/wp-content\/uploads\/2025\/06\/header-home-1024x213.jpg 1024w, https:\/\/www.campinglesarbois.com\/wp-content\/uploads\/2025\/06\/header-home-300x63.jpg 300w, https:\/\/www.campinglesarbois.com\/wp-content\/uploads\/2025\/06\/header-home-768x160.jpg 768w, https:\/\/www.campinglesarbois.com\/wp-content\/uploads\/2025\/06\/header-home-1536x320.jpg 1536w, https:\/\/www.campinglesarbois.com\/wp-content\/uploads\/2025\/06\/header-home.jpg 1920w\" sizes=\"(max-width: 1024px) 100vw, 1024px\" \/><\/figure>\n\n<div class=\"wp-block-stackable-spacer stk-block-spacer stk--no-padding stk-block stk-2a8236f\" data-block-id=\"2a8236f\"><style>.stk-2a8236f {height:10px !important;}<\/style><\/div>\n\n<h2 class=\"wp-block-heading\">R\u00e9servez<\/h2>\n\n<div class=\"wp-block-stackable-columns stk-block-columns stk-block stk-b491768\" data-block-id=\"b491768\"><style>.stk-b491768 {margin-bottom:0px !important;}<\/style><div class=\"stk-row stk-inner-blocks stk-block-content stk-content-align stk-b491768-column\">\n<div class=\"wp-block-stackable-column stk-block-column stk-column stk-block stk-11b61e4\" data-v=\"4\" data-block-id=\"11b61e4\"><div class=\"stk-column-wrapper stk-block-column__content stk-container stk-11b61e4-container stk--no-background stk--no-padding\"><div class=\"stk-block-content stk-inner-blocks stk-11b61e4-inner-blocks\">\n<figure class=\"wp-block-image size-full\"><img decoding=\"async\" width=\"600\" height=\"429\" src=\"https:\/\/www.campinglesarbois.com\/wp-content\/uploads\/2025\/06\/Kampeerplaats1-1.jpg\" alt=\"\" class=\"wp-image-6195\" srcset=\"https:\/\/www.campinglesarbois.com\/wp-content\/uploads\/2025\/06\/Kampeerplaats1-1.jpg 600w, https:\/\/www.campinglesarbois.com\/wp-content\/uploads\/2025\/06\/Kampeerplaats1-1-300x215.jpg 300w\" sizes=\"(max-width: 600px) 100vw, 600px\" \/><\/figure>\n<\/div><\/div><\/div>\n\n\n\n<div class=\"wp-block-stackable-column stk-block-column stk-column stk-block stk-b75b2eb\" data-v=\"4\" data-block-id=\"b75b2eb\"><div class=\"stk-column-wrapper stk-block-column__content stk-container stk-b75b2eb-container stk--no-background stk--no-padding\"><div class=\"stk-block-content stk-inner-blocks stk-b75b2eb-inner-blocks\">\n<figure class=\"wp-block-image size-full\"><img decoding=\"async\" width=\"600\" height=\"430\" src=\"https:\/\/www.campinglesarbois.com\/wp-content\/uploads\/2025\/06\/Galerij-tunnel1.jpg\" alt=\"\" class=\"wp-image-6276\" srcset=\"https:\/\/www.campinglesarbois.com\/wp-content\/uploads\/2025\/06\/Galerij-tunnel1.jpg 600w, https:\/\/www.campinglesarbois.com\/wp-content\/uploads\/2025\/06\/Galerij-tunnel1-300x215.jpg 300w\" sizes=\"(max-width: 600px) 100vw, 600px\" \/><\/figure>\n<\/div><\/div><\/div>\n\n\n\n<div class=\"wp-block-stackable-column stk-block-column stk-column stk-block stk-66c5dd6\" data-v=\"4\" data-block-id=\"66c5dd6\"><div class=\"stk-column-wrapper stk-block-column__content stk-container stk-66c5dd6-container stk--no-background stk--no-padding\"><div class=\"stk-block-content stk-inner-blocks stk-66c5dd6-inner-blocks\">\n<figure class=\"wp-block-image size-full\"><img decoding=\"async\" width=\"600\" height=\"430\" src=\"https:\/\/www.campinglesarbois.com\/wp-content\/uploads\/2025\/06\/Gite1.jpg\" alt=\"\" class=\"wp-image-6412\" srcset=\"https:\/\/www.campinglesarbois.com\/wp-content\/uploads\/2025\/06\/Gite1.jpg 600w, https:\/\/www.campinglesarbois.com\/wp-content\/uploads\/2025\/06\/Gite1-300x215.jpg 300w\" sizes=\"(max-width: 600px) 100vw, 600px\" \/><\/figure>\n<\/div><\/div><\/div>\n<\/div><\/div>\n\n<div class=\"wp-block-stackable-columns stk-block-columns stk-block stk-ca3549d\" data-block-id=\"ca3549d\"><style>.stk-ca3549d {margin-bottom:50px !important;}<\/style><div class=\"stk-row stk-inner-blocks stk-block-content stk-content-align stk-ca3549d-column\">\n<div class=\"wp-block-stackable-column stk-block-column stk-column stk-block stk-8667a0b\" data-v=\"4\" data-block-id=\"8667a0b\"><div class=\"stk-column-wrapper stk-block-column__content stk-container stk-8667a0b-container stk--no-background stk--no-padding\"><div class=\"stk-block-content stk-inner-blocks stk-8667a0b-inner-blocks\">\n<div class=\"wp-block-buttons is-content-justification-center is-layout-flex wp-container-core-buttons-is-layout-a89b3969 wp-block-buttons-is-layout-flex\">\n<div class=\"wp-block-button\"><a class=\"wp-block-button__link wp-element-button\" href=\"https:\/\/www.campinglesarbois.com\/fr\/reserver-un-emplacement\/\">R\u00e9servez un emplacement<\/a><\/div>\n<\/div>\n<\/div><\/div><\/div>\n\n\n\n<div class=\"wp-block-stackable-column stk-block-column stk-column stk-block stk-5af5ed0\" data-v=\"4\" data-block-id=\"5af5ed0\"><div class=\"stk-column-wrapper stk-block-column__content stk-container stk-5af5ed0-container stk--no-background stk--no-padding\"><div class=\"stk-block-content stk-inner-blocks stk-5af5ed0-inner-blocks\">\n<div class=\"wp-block-buttons is-content-justification-center is-layout-flex wp-container-core-buttons-is-layout-a89b3969 wp-block-buttons-is-layout-flex\">\n<div class=\"wp-block-button\"><a class=\"wp-block-button__link wp-element-button\" href=\"https:\/\/www.campinglesarbois.com\/fr\/reserveren-tunneltent\/\">R\u00e9servez une tente tunnel<\/a><\/div>\n<\/div>\n<\/div><\/div><\/div>\n\n\n\n<div class=\"wp-block-stackable-column stk-block-column stk-column stk-block stk-d7ab4e8\" data-v=\"4\" data-block-id=\"d7ab4e8\"><div class=\"stk-column-wrapper stk-block-column__content stk-container stk-d7ab4e8-container stk--no-background stk--no-padding\"><div class=\"stk-block-content stk-inner-blocks stk-d7ab4e8-inner-blocks\">\n<div class=\"wp-block-buttons is-content-justification-center is-layout-flex wp-container-core-buttons-is-layout-a89b3969 wp-block-buttons-is-layout-flex\">\n<div class=\"wp-block-button\"><a class=\"wp-block-button__link wp-element-button\" href=\"https:\/\/www.campinglesarbois.com\/fr\/reservez-le-gite\/\">R\u00e9servez le g\u00eete <\/a><\/div>\n<\/div>\n<\/div><\/div><\/div>\n<\/div><\/div>\n\n<p><\/p>\n","protected":false},"excerpt":{"rendered":"<p>R\u00e9servez<\/p>\n","protected":false},"author":1,"featured_media":0,"parent":0,"menu_order":0,"comment_status":"closed","ping_status":"closed","template":"","meta":{"_acf_changed":false,"footnotes":""},"class_list":["post-2854","page","type-page","status-publish","hentry"],"blocksy_meta":[],"acf":[],"featured_image_urls_v2":{"full":"","thumbnail":"","medium":"","medium_large":"","large":"","1536x1536":"","2048x2048":"","gform-image-choice-sm":"","gform-image-choice-md":"","gform-image-choice-lg":""},"post_excerpt_stackable_v2":"<p>R\u00e9servez R\u00e9servez un emplacement R\u00e9servez une tente tunnel R\u00e9servez le g\u00eete<\/p>\n","category_list_v2":"","author_info_v2":{"name":"best4u","url":"https:\/\/www.campinglesarbois.com\/fr\/author\/best4u\/"},"comments_num_v2":"0 commentaire","_links":{"self":[{"href":"https:\/\/www.campinglesarbois.com\/fr\/wp-json\/wp\/v2\/pages\/2854","targetHints":{"allow":["GET"]}}],"collection":[{"href":"https:\/\/www.campinglesarbois.com\/fr\/wp-json\/wp\/v2\/pages"}],"about":[{"href":"https:\/\/www.campinglesarbois.com\/fr\/wp-json\/wp\/v2\/types\/page"}],"author":[{"embeddable":true,"href":"https:\/\/www.campinglesarbois.com\/fr\/wp-json\/wp\/v2\/users\/1"}],"replies":[{"embeddable":true,"href":"https:\/\/www.campinglesarbois.com\/fr\/wp-json\/wp\/v2\/comments?post=2854"}],"version-history":[{"count":20,"href":"https:\/\/www.campinglesarbois.com\/fr\/wp-json\/wp\/v2\/pages\/2854\/revisions"}],"predecessor-version":[{"id":7805,"href":"https:\/\/www.campinglesarbois.com\/fr\/wp-json\/wp\/v2\/pages\/2854\/revisions\/7805"}],"wp:attachment":[{"href":"https:\/\/www.campinglesarbois.com\/fr\/wp-json\/wp\/v2\/media?parent=2854"}],"curies":[{"name":"wp","href":"https:\/\/api.w.org\/{rel}","templated":true}]}}