{"id":2849,"date":"2021-10-15T10:43:04","date_gmt":"2021-10-15T10:43:04","guid":{"rendered":"https:\/\/www.campinglesarbois.com\/omgeving\/"},"modified":"2025-07-11T14:23:56","modified_gmt":"2025-07-11T12:23:56","slug":"omgeving","status":"publish","type":"page","link":"https:\/\/www.campinglesarbois.com\/fr\/omgeving\/","title":{"rendered":"Aux alentours"},"content":{"rendered":"\n<figure class=\"wp-block-image alignfull size-large\"><img decoding=\"async\" width=\"1024\" height=\"213\" src=\"https:\/\/www.campinglesarbois.com\/wp-content\/uploads\/2025\/06\/header-home-1024x213.jpg\" alt=\"\" class=\"wp-image-6125\" srcset=\"https:\/\/www.campinglesarbois.com\/wp-content\/uploads\/2025\/06\/header-home-1024x213.jpg 1024w, https:\/\/www.campinglesarbois.com\/wp-content\/uploads\/2025\/06\/header-home-300x63.jpg 300w, https:\/\/www.campinglesarbois.com\/wp-content\/uploads\/2025\/06\/header-home-768x160.jpg 768w, https:\/\/www.campinglesarbois.com\/wp-content\/uploads\/2025\/06\/header-home-1536x320.jpg 1536w, https:\/\/www.campinglesarbois.com\/wp-content\/uploads\/2025\/06\/header-home.jpg 1920w\" sizes=\"(max-width: 1024px) 100vw, 1024px\" \/><\/figure>\n\n<div class=\"wp-block-stackable-spacer stk-block-spacer stk--no-padding stk-block stk-f0a079e\" data-block-id=\"f0a079e\"><style>.stk-f0a079e {height:10px !important;}<\/style><\/div>\n\n<div class=\"wp-block-stackable-spacer stk-block-spacer stk--no-padding stk-block stk-1055f06\" data-block-id=\"1055f06\"><style>.stk-1055f06 {height:20px !important;}<\/style><\/div>\n\n<div class=\"wp-block-stackable-columns stk-block-columns stk-block stk-62628ef\" data-block-id=\"62628ef\"><style>.stk-62628ef {margin-bottom:0px !important;}<\/style><div class=\"stk-row stk-inner-blocks stk-block-content stk-content-align stk-62628ef-column\">\n<div class=\"wp-block-stackable-column stk-block-column stk-column stk-block stk-6e68c99\" data-v=\"4\" data-block-id=\"6e68c99\"><style>@media screen and (min-width:690px){.stk-6e68c99 {flex:var(--stk-flex-grow, 1) 1 calc(50% - var(--stk-column-gap, 0px) * 2 \/ 3 ) !important;}}<\/style><div class=\"stk-column-wrapper stk-block-column__content stk-container stk-6e68c99-container stk--no-background stk--no-padding\"><div class=\"stk-block-content stk-inner-blocks stk-6e68c99-inner-blocks\">\n<h2 class=\"wp-block-heading\">Aux alentours<\/h2>\n\n\n\n<p><strong>Notre camping nature est situ\u00e9 dans la r\u00e9gion de la Bresse, \u00e0 environ 6 km de Saint-Germain-du-Bois, dans le d\u00e9partement de Sa\u00f4ne-et-Loire. Cette r\u00e9gion se trouve au sud-est de la Bourgogne, \u00e0 la fronti\u00e8re avec le massif du Jura. <\/strong><\/p>\n\n\n\n<p>C\u2019est un endroit id\u00e9al pour faire de magnifiques randonn\u00e9es \u00e0 pied ou \u00e0 v\u00e9lo ! Profitez des petites routes paisibles qui serpentent \u00e0 travers les champs de tournesols, les for\u00eats, les villages pittoresques et les rivi\u00e8res tranquilles. <\/p>\n\n\n\n<p>En \u00e0 peine une demi-heure de voiture, vous \u00eates en plein c\u0153ur du Jura, c\u00e9l\u00e8bre pour ses superbes cascades et ses grottes spectaculaires. <br\/>Vous pouvez faire du cano\u00eb sur la belle rivi\u00e8re du Doubs, grimper dans les arbres dans un parc aventure, visiter des mus\u00e9es ou encore jouer au golf sur un v\u00e9ritable parcours officiel situ\u00e9 \u00e0 seulement 4 km du camping \u2013 accessible \u00e0 tous !<\/p>\n\n\n\n<p>Gr\u00e2ce \u00e0 notre situation centrale, vous pouvez facilement visiter des villes comme Beaune, Dijon, Bourg-en-Bresse ou Lons-le-Saunier, toutes riches en culture et en charme. Ne manquez pas le c\u00e9l\u00e8bre march\u00e9 aux animaux de Louhans, ou venez d\u00e9couvrir des produits locaux dans notre petite boutique. <\/p>\n\n\n\n<p>Dans notre boutique, une grande carte vous montre tous les points d\u2019int\u00e9r\u00eat de la r\u00e9gion : ch\u00e2teaux, mus\u00e9es, sites naturels\u2026 identifi\u00e9s par des marqueurs color\u00e9s. Ces couleurs correspondent aux brochures et fiches d&rsquo;information que nous avons rassembl\u00e9es pour vous. En un coup d\u2019\u0153il, vous voyez ce qu\u2019il y a \u00e0 faire, et \u00e0 quelle distance. Nous avons visit\u00e9 la plupart de ces lieux nous-m\u00eames, donc n\u2019h\u00e9sitez pas \u00e0 nous demander conseil !   <\/p>\n\n\n\n<p><strong>Bref, impossible de vous ennuyer ici.<\/strong><\/p>\n<\/div><\/div><\/div>\n\n\n\n<div class=\"wp-block-stackable-column stk-block-column stk-column stk-block stk-6614d27\" data-v=\"4\" data-block-id=\"6614d27\"><style>@media screen and (min-width:690px){.stk-6614d27 {flex:var(--stk-flex-grow, 1) 1 calc(5.7% - var(--stk-column-gap, 0px) * 2 \/ 3 ) !important;}}<\/style><div class=\"stk-column-wrapper stk-block-column__content stk-container stk-6614d27-container stk--no-background stk--no-padding\"><div class=\"stk-block-content stk-inner-blocks stk-6614d27-inner-blocks\"><\/div><\/div><\/div>\n\n\n\n<div class=\"wp-block-stackable-column stk-block-column stk-column stk-block stk-7de457c\" data-v=\"4\" data-block-id=\"7de457c\"><style>@media screen and (min-width:690px){.stk-7de457c {flex:var(--stk-flex-grow, 1) 1 calc(44.3% - var(--stk-column-gap, 0px) * 2 \/ 3 ) !important;}}<\/style><div class=\"stk-column-wrapper stk-block-column__content stk-container stk-7de457c-container stk--no-background stk--no-padding\"><div class=\"stk-block-content stk-inner-blocks stk-7de457c-inner-blocks\">\n<div class=\"wp-block-stackable-columns stk-block-columns stk-block stk-e1f7423\" data-block-id=\"e1f7423\"><div class=\"stk-row stk-inner-blocks stk-block-content stk-content-align stk-e1f7423-column\">\n<div class=\"wp-block-stackable-column stk-block-column stk-column stk-block stk-ab50959\" data-v=\"4\" data-block-id=\"ab50959\"><div class=\"stk-column-wrapper stk-block-column__content stk-container stk-ab50959-container stk--no-background stk--no-padding\"><div class=\"stk-block-content stk-inner-blocks stk-ab50959-inner-blocks\">\n<div class=\"wp-block-stackable-columns stk-block-columns stk-block stk-cf048f7\" data-block-id=\"cf048f7\"><div class=\"stk-row stk-inner-blocks stk-block-content stk-content-align stk-cf048f7-column\">\n<div class=\"wp-block-stackable-column stk-block-column stk-column stk-block stk-ba19c50\" data-v=\"4\" data-block-id=\"ba19c50\"><div class=\"stk-column-wrapper stk-block-column__content stk-container stk-ba19c50-container stk--no-background stk--no-padding\"><div class=\"stk-block-content stk-inner-blocks stk-ba19c50-inner-blocks\">\n<figure class=\"wp-block-gallery has-nested-images columns-default is-cropped wp-block-gallery-1 is-layout-flex wp-block-gallery-is-layout-flex\">\n<figure class=\"wp-block-image size-large\"><img decoding=\"async\" width=\"600\" height=\"430\" data-id=\"6895\" src=\"https:\/\/www.campinglesarbois.com\/wp-content\/uploads\/2025\/06\/omgeving1.jpg\" alt=\"\" class=\"wp-image-6895\" srcset=\"https:\/\/www.campinglesarbois.com\/wp-content\/uploads\/2025\/06\/omgeving1.jpg 600w, https:\/\/www.campinglesarbois.com\/wp-content\/uploads\/2025\/06\/omgeving1-300x215.jpg 300w\" sizes=\"(max-width: 600px) 100vw, 600px\" \/><\/figure>\n\n\n\n<figure class=\"wp-block-image size-large\"><img decoding=\"async\" width=\"600\" height=\"430\" data-id=\"6951\" src=\"https:\/\/www.campinglesarbois.com\/wp-content\/uploads\/2025\/06\/omgeving15.jpg\" alt=\"\" class=\"wp-image-6951\" srcset=\"https:\/\/www.campinglesarbois.com\/wp-content\/uploads\/2025\/06\/omgeving15.jpg 600w, https:\/\/www.campinglesarbois.com\/wp-content\/uploads\/2025\/06\/omgeving15-300x215.jpg 300w\" sizes=\"(max-width: 600px) 100vw, 600px\" \/><\/figure>\n\n\n\n<figure class=\"wp-block-image size-large\"><img decoding=\"async\" width=\"600\" height=\"430\" data-id=\"6899\" src=\"https:\/\/www.campinglesarbois.com\/wp-content\/uploads\/2025\/06\/omgeving2.jpg\" alt=\"\" class=\"wp-image-6899\" srcset=\"https:\/\/www.campinglesarbois.com\/wp-content\/uploads\/2025\/06\/omgeving2.jpg 600w, https:\/\/www.campinglesarbois.com\/wp-content\/uploads\/2025\/06\/omgeving2-300x215.jpg 300w\" sizes=\"(max-width: 600px) 100vw, 600px\" \/><\/figure>\n\n\n\n<figure class=\"wp-block-image size-large\"><img decoding=\"async\" width=\"600\" height=\"430\" data-id=\"6919\" src=\"https:\/\/www.campinglesarbois.com\/wp-content\/uploads\/2025\/06\/omgeving7.jpg\" alt=\"\" class=\"wp-image-6919\" srcset=\"https:\/\/www.campinglesarbois.com\/wp-content\/uploads\/2025\/06\/omgeving7.jpg 600w, https:\/\/www.campinglesarbois.com\/wp-content\/uploads\/2025\/06\/omgeving7-300x215.jpg 300w\" sizes=\"(max-width: 600px) 100vw, 600px\" \/><\/figure>\n\n\n\n<figure class=\"wp-block-image size-large\"><img decoding=\"async\" width=\"600\" height=\"429\" data-id=\"6903\" src=\"https:\/\/www.campinglesarbois.com\/wp-content\/uploads\/2025\/06\/omgeving3.jpg\" alt=\"\" class=\"wp-image-6903\" srcset=\"https:\/\/www.campinglesarbois.com\/wp-content\/uploads\/2025\/06\/omgeving3.jpg 600w, https:\/\/www.campinglesarbois.com\/wp-content\/uploads\/2025\/06\/omgeving3-300x215.jpg 300w\" sizes=\"(max-width: 600px) 100vw, 600px\" \/><\/figure>\n\n\n\n<figure class=\"wp-block-image size-large\"><img decoding=\"async\" width=\"600\" height=\"429\" data-id=\"6907\" src=\"https:\/\/www.campinglesarbois.com\/wp-content\/uploads\/2025\/06\/omgeving4.jpg\" alt=\"\" class=\"wp-image-6907\" srcset=\"https:\/\/www.campinglesarbois.com\/wp-content\/uploads\/2025\/06\/omgeving4.jpg 600w, https:\/\/www.campinglesarbois.com\/wp-content\/uploads\/2025\/06\/omgeving4-300x215.jpg 300w\" sizes=\"(max-width: 600px) 100vw, 600px\" \/><\/figure>\n\n\n\n<figure class=\"wp-block-image size-large\"><img decoding=\"async\" width=\"430\" height=\"600\" data-id=\"6935\" src=\"https:\/\/www.campinglesarbois.com\/wp-content\/uploads\/2025\/06\/omgeving11.jpg\" alt=\"\" class=\"wp-image-6935\" srcset=\"https:\/\/www.campinglesarbois.com\/wp-content\/uploads\/2025\/06\/omgeving11.jpg 430w, https:\/\/www.campinglesarbois.com\/wp-content\/uploads\/2025\/06\/omgeving11-215x300.jpg 215w\" sizes=\"(max-width: 430px) 100vw, 430px\" \/><\/figure>\n\n\n\n<figure class=\"wp-block-image size-large\"><img decoding=\"async\" width=\"600\" height=\"429\" data-id=\"6931\" src=\"https:\/\/www.campinglesarbois.com\/wp-content\/uploads\/2025\/06\/omgeving10.jpg\" alt=\"\" class=\"wp-image-6931\" srcset=\"https:\/\/www.campinglesarbois.com\/wp-content\/uploads\/2025\/06\/omgeving10.jpg 600w, https:\/\/www.campinglesarbois.com\/wp-content\/uploads\/2025\/06\/omgeving10-300x215.jpg 300w\" sizes=\"(max-width: 600px) 100vw, 600px\" \/><\/figure>\n\n\n\n<figure class=\"wp-block-image size-large\"><img decoding=\"async\" width=\"430\" height=\"600\" data-id=\"6927\" src=\"https:\/\/www.campinglesarbois.com\/wp-content\/uploads\/2025\/06\/omgeving9.jpg\" alt=\"\" class=\"wp-image-6927\" srcset=\"https:\/\/www.campinglesarbois.com\/wp-content\/uploads\/2025\/06\/omgeving9.jpg 430w, https:\/\/www.campinglesarbois.com\/wp-content\/uploads\/2025\/06\/omgeving9-215x300.jpg 215w\" sizes=\"(max-width: 430px) 100vw, 430px\" \/><\/figure>\n\n\n\n<figure class=\"wp-block-image size-large\"><img decoding=\"async\" width=\"600\" height=\"429\" data-id=\"6923\" src=\"https:\/\/www.campinglesarbois.com\/wp-content\/uploads\/2025\/06\/omgeving8.jpg\" alt=\"\" class=\"wp-image-6923\" srcset=\"https:\/\/www.campinglesarbois.com\/wp-content\/uploads\/2025\/06\/omgeving8.jpg 600w, https:\/\/www.campinglesarbois.com\/wp-content\/uploads\/2025\/06\/omgeving8-300x215.jpg 300w\" sizes=\"(max-width: 600px) 100vw, 600px\" \/><\/figure>\n\n\n\n<figure class=\"wp-block-image size-large\"><img decoding=\"async\" width=\"600\" height=\"429\" data-id=\"6915\" src=\"https:\/\/www.campinglesarbois.com\/wp-content\/uploads\/2025\/06\/omgeving6.jpg\" alt=\"\" class=\"wp-image-6915\" srcset=\"https:\/\/www.campinglesarbois.com\/wp-content\/uploads\/2025\/06\/omgeving6.jpg 600w, https:\/\/www.campinglesarbois.com\/wp-content\/uploads\/2025\/06\/omgeving6-300x215.jpg 300w\" sizes=\"(max-width: 600px) 100vw, 600px\" \/><\/figure>\n\n\n\n<figure class=\"wp-block-image size-large\"><img decoding=\"async\" width=\"600\" height=\"429\" data-id=\"6939\" src=\"https:\/\/www.campinglesarbois.com\/wp-content\/uploads\/2025\/06\/omgeving12.jpg\" alt=\"\" class=\"wp-image-6939\" srcset=\"https:\/\/www.campinglesarbois.com\/wp-content\/uploads\/2025\/06\/omgeving12.jpg 600w, https:\/\/www.campinglesarbois.com\/wp-content\/uploads\/2025\/06\/omgeving12-300x215.jpg 300w\" sizes=\"(max-width: 600px) 100vw, 600px\" \/><\/figure>\n\n\n\n<figure class=\"wp-block-image size-large\"><img decoding=\"async\" width=\"430\" height=\"600\" data-id=\"6943\" src=\"https:\/\/www.campinglesarbois.com\/wp-content\/uploads\/2025\/06\/omgeving13.jpg\" alt=\"\" class=\"wp-image-6943\" srcset=\"https:\/\/www.campinglesarbois.com\/wp-content\/uploads\/2025\/06\/omgeving13.jpg 430w, https:\/\/www.campinglesarbois.com\/wp-content\/uploads\/2025\/06\/omgeving13-215x300.jpg 215w\" sizes=\"(max-width: 430px) 100vw, 430px\" \/><\/figure>\n\n\n\n<figure class=\"wp-block-image size-large\"><img decoding=\"async\" width=\"600\" height=\"429\" data-id=\"6947\" src=\"https:\/\/www.campinglesarbois.com\/wp-content\/uploads\/2025\/06\/omgeving14.jpg\" alt=\"\" class=\"wp-image-6947\" srcset=\"https:\/\/www.campinglesarbois.com\/wp-content\/uploads\/2025\/06\/omgeving14.jpg 600w, https:\/\/www.campinglesarbois.com\/wp-content\/uploads\/2025\/06\/omgeving14-300x215.jpg 300w\" sizes=\"(max-width: 600px) 100vw, 600px\" \/><\/figure>\n\n\n\n<figure class=\"wp-block-image size-large\"><img decoding=\"async\" width=\"430\" height=\"600\" data-id=\"6911\" src=\"https:\/\/www.campinglesarbois.com\/wp-content\/uploads\/2025\/06\/omgeving5.jpg\" alt=\"\" class=\"wp-image-6911\" srcset=\"https:\/\/www.campinglesarbois.com\/wp-content\/uploads\/2025\/06\/omgeving5.jpg 430w, https:\/\/www.campinglesarbois.com\/wp-content\/uploads\/2025\/06\/omgeving5-215x300.jpg 215w\" sizes=\"(max-width: 430px) 100vw, 430px\" \/><\/figure>\n\n\n\n<figure class=\"wp-block-image size-large\"><img decoding=\"async\" width=\"600\" height=\"430\" data-id=\"6955\" src=\"https:\/\/www.campinglesarbois.com\/wp-content\/uploads\/2025\/06\/omgeving16.jpg\" alt=\"\" class=\"wp-image-6955\" srcset=\"https:\/\/www.campinglesarbois.com\/wp-content\/uploads\/2025\/06\/omgeving16.jpg 600w, https:\/\/www.campinglesarbois.com\/wp-content\/uploads\/2025\/06\/omgeving16-300x215.jpg 300w\" sizes=\"(max-width: 600px) 100vw, 600px\" \/><\/figure>\n\n\n\n<figure class=\"wp-block-image size-large\"><img decoding=\"async\" width=\"600\" height=\"429\" data-id=\"6959\" src=\"https:\/\/www.campinglesarbois.com\/wp-content\/uploads\/2025\/06\/omgeving17.jpg\" alt=\"\" class=\"wp-image-6959\" srcset=\"https:\/\/www.campinglesarbois.com\/wp-content\/uploads\/2025\/06\/omgeving17.jpg 600w, https:\/\/www.campinglesarbois.com\/wp-content\/uploads\/2025\/06\/omgeving17-300x215.jpg 300w\" sizes=\"(max-width: 600px) 100vw, 600px\" \/><\/figure>\n<\/figure>\n<\/div><\/div><\/div>\n<\/div><\/div>\n<\/div><\/div><\/div>\n<\/div><\/div>\n<\/div><\/div><\/div>\n<\/div><\/div>\n\n<div class=\"wp-block-stackable-spacer stk-block-spacer stk--no-padding stk-block stk-e5da0d5\" data-block-id=\"e5da0d5\"><\/div>\n","protected":false},"excerpt":{"rendered":"<p>Aux alentours Notre camping nature est situ\u00e9 dans la r\u00e9gion de la Bresse, \u00e0 environ 6 km de Saint-Germain-du-Bois, dans le d\u00e9partement de Sa\u00f4ne-et-Loire. Cette r\u00e9gion se trouve au sud-est de la Bourgogne, \u00e0 la fronti\u00e8re avec le massif du Jura. C\u2019est un endroit id\u00e9al pour faire de magnifiques randonn\u00e9es \u00e0 pied ou \u00e0 v\u00e9lo [&hellip;]<\/p>\n","protected":false},"author":1,"featured_media":0,"parent":0,"menu_order":0,"comment_status":"closed","ping_status":"closed","template":"","meta":{"_acf_changed":false,"footnotes":""},"class_list":["post-2849","page","type-page","status-publish","hentry"],"blocksy_meta":[],"acf":[],"featured_image_urls_v2":{"full":"","thumbnail":"","medium":"","medium_large":"","large":"","1536x1536":"","2048x2048":"","gform-image-choice-sm":"","gform-image-choice-md":"","gform-image-choice-lg":""},"post_excerpt_stackable_v2":"<p>Aux alentours Notre camping nature est situ\u00e9 dans la r\u00e9gion de la Bresse, \u00e0 environ 6 km de Saint-Germain-du-Bois, dans le d\u00e9partement de Sa\u00f4ne-et-Loire. Cette r\u00e9gion se trouve au sud-est de la Bourgogne, \u00e0 la fronti\u00e8re avec le massif du Jura. C\u2019est un endroit id\u00e9al pour faire de magnifiques randonn\u00e9es \u00e0 pied ou \u00e0 v\u00e9lo ! Profitez des petites routes paisibles qui serpentent \u00e0 travers les champs de tournesols, les for\u00eats, les villages pittoresques et les rivi\u00e8res tranquilles. En \u00e0 peine une demi-heure de voiture, vous \u00eates en plein c\u0153ur du Jura, c\u00e9l\u00e8bre pour ses superbes cascades et ses grottes\u2026<\/p>\n","category_list_v2":"","author_info_v2":{"name":"best4u","url":"https:\/\/www.campinglesarbois.com\/fr\/author\/best4u\/"},"comments_num_v2":"0 commentaire","_links":{"self":[{"href":"https:\/\/www.campinglesarbois.com\/fr\/wp-json\/wp\/v2\/pages\/2849","targetHints":{"allow":["GET"]}}],"collection":[{"href":"https:\/\/www.campinglesarbois.com\/fr\/wp-json\/wp\/v2\/pages"}],"about":[{"href":"https:\/\/www.campinglesarbois.com\/fr\/wp-json\/wp\/v2\/types\/page"}],"author":[{"embeddable":true,"href":"https:\/\/www.campinglesarbois.com\/fr\/wp-json\/wp\/v2\/users\/1"}],"replies":[{"embeddable":true,"href":"https:\/\/www.campinglesarbois.com\/fr\/wp-json\/wp\/v2\/comments?post=2849"}],"version-history":[{"count":20,"href":"https:\/\/www.campinglesarbois.com\/fr\/wp-json\/wp\/v2\/pages\/2849\/revisions"}],"predecessor-version":[{"id":7338,"href":"https:\/\/www.campinglesarbois.com\/fr\/wp-json\/wp\/v2\/pages\/2849\/revisions\/7338"}],"wp:attachment":[{"href":"https:\/\/www.campinglesarbois.com\/fr\/wp-json\/wp\/v2\/media?parent=2849"}],"curies":[{"name":"wp","href":"https:\/\/api.w.org\/{rel}","templated":true}]}}