{"id":2797,"date":"2021-11-26T12:19:41","date_gmt":"2021-11-26T12:19:41","guid":{"rendered":"https:\/\/www.campinglesarbois.com\/onze-diesten\/"},"modified":"2025-06-27T12:04:21","modified_gmt":"2025-06-27T10:04:21","slug":"onze-diesten","status":"publish","type":"page","link":"https:\/\/www.campinglesarbois.com\/fr\/onze-diesten\/","title":{"rendered":"Nos services"},"content":{"rendered":"\n<figure class=\"wp-block-image alignfull size-large\"><img decoding=\"async\" width=\"1024\" height=\"213\" src=\"https:\/\/www.campinglesarbois.com\/wp-content\/uploads\/2025\/06\/header-diensten-1024x213.jpg\" alt=\"\" class=\"wp-image-6703\" srcset=\"https:\/\/www.campinglesarbois.com\/wp-content\/uploads\/2025\/06\/header-diensten-1024x213.jpg 1024w, https:\/\/www.campinglesarbois.com\/wp-content\/uploads\/2025\/06\/header-diensten-300x62.jpg 300w, https:\/\/www.campinglesarbois.com\/wp-content\/uploads\/2025\/06\/header-diensten-768x160.jpg 768w, https:\/\/www.campinglesarbois.com\/wp-content\/uploads\/2025\/06\/header-diensten-1536x319.jpg 1536w, https:\/\/www.campinglesarbois.com\/wp-content\/uploads\/2025\/06\/header-diensten.jpg 1920w\" sizes=\"(max-width: 1024px) 100vw, 1024px\" \/><\/figure>\n\n<div class=\"wp-block-stackable-spacer stk-block-spacer stk--no-padding stk-block stk-b47d46a\" data-block-id=\"b47d46a\"><style>.stk-b47d46a {height:20px !important;}<\/style><\/div>\n\n<div class=\"wp-block-stackable-columns stk-block-columns stk-block stk-ea42a76\" data-block-id=\"ea42a76\"><style>.stk-ea42a76 {margin-bottom:0px !important;}<\/style><div class=\"stk-row stk-inner-blocks stk-block-content stk-content-align stk-ea42a76-column\">\n<div class=\"wp-block-stackable-column stk-block-column stk-column stk-block stk-3cd9fa7\" data-v=\"4\" data-block-id=\"3cd9fa7\"><style>@media screen and (min-width:690px){.stk-3cd9fa7 {flex:var(--stk-flex-grow, 1) 1 calc(51.7% - var(--stk-column-gap, 0px) * 2 \/ 3 ) !important;}}<\/style><div class=\"stk-column-wrapper stk-block-column__content stk-container stk-3cd9fa7-container stk--no-background stk--no-padding\"><div class=\"stk-block-content stk-inner-blocks stk-3cd9fa7-inner-blocks\">\n<h2 class=\"wp-block-heading\">Nos services<\/h2>\n\n\n\n<p><strong>En haute saison, nous servons deux fois par semaine un repas frais et changeant sur <strong>notre terrasse couverte<\/strong>. Les autres jours, vous pouvez d\u00e9guster diff\u00e9rentes pizzas et quiches.  <\/strong><\/p>\n\n\n\n<p>Par mauvais temps, un coin enfants chaleureux avec du mat\u00e9riel de coloriage et des jeux de soci\u00e9t\u00e9 est disponible pr\u00e8s de la terrasse couverte.<\/p>\n\n\n\n<p>En face de la terrasse se trouve notre boutique\/r\u00e9ception. Vous y trouverez plein d\u2019id\u00e9es pour des sorties ou randonn\u00e9es (voir aussi \u00ab\u202fDans les environs\u202f\u00bb). <\/p>\n\n\n\n<p>Commencez la journ\u00e9e en douceur avec du pain frais. Remplissez la liste de pain et retrouvez vos viennoiseries du matin dans un sac familial \u2014 il ne vous reste qu\u2019\u00e0 suivre l\u2019odeur all\u00e9chante\u202f! <\/p>\n\n\n\n<p>Envie de d\u00e9couvrir la r\u00e9gion ? Nous avons deux v\u00e9los \u00e9lectriques sans si\u00e8ge enfant et deux v\u00e9los classiques avec si\u00e8ge enfant \u00e0 louer. En r\u00e9servant directement votre(s) v\u00e9lo(s) en m\u00eame temps que votre s\u00e9jour, vous b\u00e9n\u00e9ficiez d\u2019une r\u00e9duction de 10 % sur toute la p\u00e9riode de location.  <\/p>\n<\/div><\/div><\/div>\n\n\n\n<div class=\"wp-block-stackable-column stk-block-column stk-column stk-block stk-6bb5b5d\" data-v=\"4\" data-block-id=\"6bb5b5d\"><style>@media screen and (min-width:690px){.stk-6bb5b5d {flex:var(--stk-flex-grow, 1) 1 calc(6.3999999999999915% - var(--stk-column-gap, 0px) * 2 \/ 3 ) !important;}}<\/style><div class=\"stk-column-wrapper stk-block-column__content stk-container stk-6bb5b5d-container stk--no-background stk--no-padding\"><div class=\"stk-block-content stk-inner-blocks stk-6bb5b5d-inner-blocks\"><\/div><\/div><\/div>\n\n\n\n<div class=\"wp-block-stackable-column stk-block-column stk-column stk-block stk-c1552c3\" data-v=\"4\" data-block-id=\"c1552c3\"><style>@media screen and (min-width:690px){.stk-c1552c3 {flex:var(--stk-flex-grow, 1) 1 calc(41.9% - var(--stk-column-gap, 0px) * 2 \/ 3 ) !important;}}<\/style><div class=\"stk-column-wrapper stk-block-column__content stk-container stk-c1552c3-container stk--no-background stk--no-padding\"><div class=\"stk-block-content stk-inner-blocks stk-c1552c3-inner-blocks\">\n<figure class=\"wp-block-image aligncenter size-full is-resized\"><img decoding=\"async\" width=\"600\" height=\"430\" src=\"https:\/\/www.campinglesarbois.com\/wp-content\/uploads\/2025\/06\/receptie-1.jpg\" alt=\"\" class=\"wp-image-6707\" style=\"width:544px;height:auto\" srcset=\"https:\/\/www.campinglesarbois.com\/wp-content\/uploads\/2025\/06\/receptie-1.jpg 600w, https:\/\/www.campinglesarbois.com\/wp-content\/uploads\/2025\/06\/receptie-1-300x215.jpg 300w\" sizes=\"(max-width: 600px) 100vw, 600px\" \/><\/figure>\n\n\n\n<div class=\"wp-block-stackable-spacer stk-block-spacer stk--no-padding stk-block stk-d8283ad\" data-block-id=\"d8283ad\"><style>.stk-d8283ad {height:30px !important;}<\/style><\/div>\n\n\n\n<figure class=\"wp-block-gallery has-nested-images columns-default is-cropped wp-block-gallery-1 is-layout-flex wp-block-gallery-is-layout-flex\">\n<figure class=\"wp-block-image size-full\"><img decoding=\"async\" width=\"600\" height=\"430\" data-id=\"7026\" src=\"https:\/\/www.campinglesarbois.com\/wp-content\/uploads\/2025\/06\/broodservice2.jpg\" alt=\"\" class=\"wp-image-7026\" srcset=\"https:\/\/www.campinglesarbois.com\/wp-content\/uploads\/2025\/06\/broodservice2.jpg 600w, https:\/\/www.campinglesarbois.com\/wp-content\/uploads\/2025\/06\/broodservice2-300x215.jpg 300w\" sizes=\"(max-width: 600px) 100vw, 600px\" \/><\/figure>\n\n\n\n<figure class=\"wp-block-image size-full\"><img decoding=\"async\" width=\"600\" height=\"430\" data-id=\"6723\" src=\"https:\/\/www.campinglesarbois.com\/wp-content\/uploads\/2025\/06\/maaltijdjpg.jpg\" alt=\"\" class=\"wp-image-6723\" srcset=\"https:\/\/www.campinglesarbois.com\/wp-content\/uploads\/2025\/06\/maaltijdjpg.jpg 600w, https:\/\/www.campinglesarbois.com\/wp-content\/uploads\/2025\/06\/maaltijdjpg-300x215.jpg 300w\" sizes=\"(max-width: 600px) 100vw, 600px\" \/><\/figure>\n<\/figure>\n\n\n\n<div class=\"wp-block-stackable-spacer stk-block-spacer stk--no-padding stk-block stk-47e9ea7\" data-block-id=\"47e9ea7\"><style>.stk-47e9ea7 {height:30px !important;}<\/style><\/div>\n\n\n\n<figure class=\"wp-block-image size-full\"><img decoding=\"async\" width=\"600\" height=\"430\" src=\"https:\/\/www.campinglesarbois.com\/wp-content\/uploads\/2025\/06\/terras-1.jpg\" alt=\"\" class=\"wp-image-6711\" srcset=\"https:\/\/www.campinglesarbois.com\/wp-content\/uploads\/2025\/06\/terras-1.jpg 600w, https:\/\/www.campinglesarbois.com\/wp-content\/uploads\/2025\/06\/terras-1-300x215.jpg 300w\" sizes=\"(max-width: 600px) 100vw, 600px\" \/><\/figure>\n<\/div><\/div><\/div>\n<\/div><\/div>\n\n<div class=\"wp-block-stackable-spacer stk-block-spacer stk--no-padding stk-block stk-8665146\" data-block-id=\"8665146\"><\/div>\n","protected":false},"excerpt":{"rendered":"<p>Nos services En haute saison, nous servons deux fois par semaine un repas frais et changeant sur notre terrasse couverte. Les autres jours, vous pouvez d\u00e9guster diff\u00e9rentes pizzas et quiches. Par mauvais temps, un coin enfants chaleureux avec du mat\u00e9riel de coloriage et des jeux de soci\u00e9t\u00e9 est disponible pr\u00e8s de la terrasse couverte. En [&hellip;]<\/p>\n","protected":false},"author":1,"featured_media":0,"parent":0,"menu_order":0,"comment_status":"closed","ping_status":"closed","template":"","meta":{"_acf_changed":false,"footnotes":""},"class_list":["post-2797","page","type-page","status-publish","hentry"],"blocksy_meta":[],"acf":[],"featured_image_urls_v2":{"full":"","thumbnail":"","medium":"","medium_large":"","large":"","1536x1536":"","2048x2048":"","gform-image-choice-sm":"","gform-image-choice-md":"","gform-image-choice-lg":""},"post_excerpt_stackable_v2":"<p>Nos services En haute saison, nous servons deux fois par semaine un repas frais et changeant sur notre terrasse couverte. Les autres jours, vous pouvez d\u00e9guster diff\u00e9rentes pizzas et quiches. Par mauvais temps, un coin enfants chaleureux avec du mat\u00e9riel de coloriage et des jeux de soci\u00e9t\u00e9 est disponible pr\u00e8s de la terrasse couverte. En face de la terrasse se trouve notre boutique\/r\u00e9ception. Vous y trouverez plein d\u2019id\u00e9es pour des sorties ou randonn\u00e9es (voir aussi \u00ab\u202fDans les environs\u202f\u00bb). Commencez la journ\u00e9e en douceur avec du pain frais. Remplissez la liste de pain et retrouvez vos viennoiseries du matin dans un\u2026<\/p>\n","category_list_v2":"","author_info_v2":{"name":"best4u","url":"https:\/\/www.campinglesarbois.com\/fr\/author\/best4u\/"},"comments_num_v2":"0 commentaire","_links":{"self":[{"href":"https:\/\/www.campinglesarbois.com\/fr\/wp-json\/wp\/v2\/pages\/2797","targetHints":{"allow":["GET"]}}],"collection":[{"href":"https:\/\/www.campinglesarbois.com\/fr\/wp-json\/wp\/v2\/pages"}],"about":[{"href":"https:\/\/www.campinglesarbois.com\/fr\/wp-json\/wp\/v2\/types\/page"}],"author":[{"embeddable":true,"href":"https:\/\/www.campinglesarbois.com\/fr\/wp-json\/wp\/v2\/users\/1"}],"replies":[{"embeddable":true,"href":"https:\/\/www.campinglesarbois.com\/fr\/wp-json\/wp\/v2\/comments?post=2797"}],"version-history":[{"count":20,"href":"https:\/\/www.campinglesarbois.com\/fr\/wp-json\/wp\/v2\/pages\/2797\/revisions"}],"predecessor-version":[{"id":7032,"href":"https:\/\/www.campinglesarbois.com\/fr\/wp-json\/wp\/v2\/pages\/2797\/revisions\/7032"}],"wp:attachment":[{"href":"https:\/\/www.campinglesarbois.com\/fr\/wp-json\/wp\/v2\/media?parent=2797"}],"curies":[{"name":"wp","href":"https:\/\/api.w.org\/{rel}","templated":true}]}}