{"id":2792,"date":"2021-11-26T12:22:31","date_gmt":"2021-11-26T12:22:31","guid":{"rendered":"https:\/\/www.campinglesarbois.com\/kidsplezier-en-activiteiten\/"},"modified":"2025-06-30T14:16:54","modified_gmt":"2025-06-30T12:16:54","slug":"kidsplezier-en-activiteiten","status":"publish","type":"page","link":"https:\/\/www.campinglesarbois.com\/fr\/kidsplezier-en-activiteiten\/","title":{"rendered":"Installations"},"content":{"rendered":"\n<figure class=\"wp-block-image alignfull size-large\"><img decoding=\"async\" width=\"1024\" height=\"213\" src=\"https:\/\/www.campinglesarbois.com\/wp-content\/uploads\/2025\/06\/header-voorzieningen-1024x213.jpg\" alt=\"\" class=\"wp-image-6502\" srcset=\"https:\/\/www.campinglesarbois.com\/wp-content\/uploads\/2025\/06\/header-voorzieningen-1024x213.jpg 1024w, https:\/\/www.campinglesarbois.com\/wp-content\/uploads\/2025\/06\/header-voorzieningen-300x63.jpg 300w, https:\/\/www.campinglesarbois.com\/wp-content\/uploads\/2025\/06\/header-voorzieningen-768x160.jpg 768w, https:\/\/www.campinglesarbois.com\/wp-content\/uploads\/2025\/06\/header-voorzieningen-1536x320.jpg 1536w, https:\/\/www.campinglesarbois.com\/wp-content\/uploads\/2025\/06\/header-voorzieningen.jpg 1920w\" sizes=\"(max-width: 1024px) 100vw, 1024px\" \/><\/figure>\n\n<div class=\"wp-block-stackable-spacer stk-block-spacer stk--no-padding stk-block stk-d7e9fa0\" data-block-id=\"d7e9fa0\"><style>.stk-d7e9fa0 {height:10px !important;}<\/style><\/div>\n\n<div class=\"wp-block-stackable-spacer stk-block-spacer stk--no-padding stk-block stk-954ed9a\" data-block-id=\"954ed9a\"><style>.stk-954ed9a {height:20px !important;}<\/style><\/div>\n\n<div class=\"wp-block-stackable-columns stk-block-columns stk-block stk-0c3d1d7\" data-block-id=\"0c3d1d7\"><style>.stk-0c3d1d7 {margin-bottom:1px !important;}<\/style><div class=\"stk-row stk-inner-blocks stk-block-content stk-content-align stk-0c3d1d7-column\">\n<div class=\"wp-block-stackable-column stk-block-column stk-column stk-block stk-3bab19b\" data-v=\"4\" data-block-id=\"3bab19b\"><style>@media screen and (min-width:690px){.stk-3bab19b {flex:var(--stk-flex-grow, 1) 1 calc(57.4% - var(--stk-column-gap, 0px) * 1 \/ 2 ) !important;}}<\/style><div class=\"stk-column-wrapper stk-block-column__content stk-container stk-3bab19b-container stk--no-background stk--no-padding\"><div class=\"stk-block-content stk-inner-blocks stk-3bab19b-inner-blocks\">\n<h2 class=\"wp-block-heading\">Installations<\/h2>\n\n\n\n<p><strong>Dans notre camping, tout est pr\u00e9vu pour un s\u00e9jour agr\u00e9able et sans souci.<\/strong><\/p>\n\n\n\n<ul class=\"wp-block-list\">\n<li>Terrain de p\u00e9tanque<\/li>\n\n\n\n<li>Piscine <\/li>\n\n\n\n<li>Aire de jeux avec trampoline<\/li>\n\n\n\n<li>Karts \u00e0 p\u00e9dales<\/li>\n\n\n\n<li>Zoo pour enfants avec lapins \u2013 cochons d\u2019Inde \u2013 poules \u2013 canards \u2013 ch\u00e8vres \u2013 cochons, poney et \u00e2ne<\/li>\n\n\n\n<li>Chasse au tr\u00e9sor<\/li>\n\n\n\n<li>Armoire de jeux<\/li>\n\n\n\n<li>For\u00eat pour se promener, attraper des grenouilles et construire des huttes<\/li>\n\n\n\n<li>Commande de pain sur place<\/li>\n\n\n\n<li>Deux soirs par semaine, nous proposons un repas frais fait maison (en haute saison ou selon le nombre de participants)<\/li>\n\n\n\n<li>Les autres jours : Pizza et Quiche<\/li>\n<\/ul>\n<\/div><\/div><\/div>\n\n\n\n<div class=\"wp-block-stackable-column stk-block-column stk-column stk-block stk-abf03fb\" data-v=\"4\" data-block-id=\"abf03fb\"><style>@media screen and (min-width:690px){.stk-abf03fb {flex:var(--stk-flex-grow, 1) 1 calc(42.599999999999994% - var(--stk-column-gap, 0px) * 1 \/ 2 ) !important;}}<\/style><div class=\"stk-column-wrapper stk-block-column__content stk-container stk-abf03fb-container stk--no-background stk--no-padding\"><div class=\"stk-block-content stk-inner-blocks stk-abf03fb-inner-blocks\">\n<figure class=\"wp-block-image aligncenter size-full is-resized\"><img decoding=\"async\" width=\"600\" height=\"430\" src=\"https:\/\/www.campinglesarbois.com\/wp-content\/uploads\/2025\/06\/receptie.jpg\" alt=\"\" class=\"wp-image-6533\" style=\"width:398px;height:auto\" srcset=\"https:\/\/www.campinglesarbois.com\/wp-content\/uploads\/2025\/06\/receptie.jpg 600w, https:\/\/www.campinglesarbois.com\/wp-content\/uploads\/2025\/06\/receptie-300x215.jpg 300w\" sizes=\"(max-width: 600px) 100vw, 600px\" \/><\/figure>\n<\/div><\/div><\/div>\n<\/div><\/div>\n\n<div class=\"wp-block-stackable-columns stk-block-columns stk-block stk-9d8d061\" data-block-id=\"9d8d061\"><style>.stk-9d8d061 {margin-bottom:0px !important;}<\/style><div class=\"stk-row stk-inner-blocks stk-block-content stk-content-align stk-9d8d061-column\">\n<div class=\"wp-block-stackable-column stk-block-column stk-column stk-block stk-6aa5e38\" data-v=\"4\" data-block-id=\"6aa5e38\"><div class=\"stk-column-wrapper stk-block-column__content stk-container stk-6aa5e38-container stk--no-background stk--no-padding\"><div class=\"stk-block-content stk-inner-blocks stk-6aa5e38-inner-blocks\">\n<div class=\"wp-block-stackable-spacer stk-block-spacer stk--no-padding stk-block stk-9f4360d\" data-block-id=\"9f4360d\"><\/div>\n<\/div><\/div><\/div>\n<\/div><\/div>\n\n<div class=\"wp-block-stackable-spacer aligncenter stk-block-spacer stk--no-padding stk-block stk-97c1e35\" data-block-id=\"97c1e35\"><style>.stk-97c1e35 {height:0px !important;}<\/style><\/div>\n\n<div class=\"wp-block-stackable-carousel stk-block-carousel stk--is-slide stk--arrows-justify-space-between stk--arrows-align-center stk-block stk-2e01625\" data-slides-to-show=\"\" data-block-id=\"2e01625\"><div class=\"stk-block-carousel__content-wrapper\"><div class=\"stk-row stk-inner-blocks stk-block-content stk-block-carousel__slider-wrapper stk-content-align stk-2e01625-column\"><div class=\"stk-block-carousel__slider\" role=\"list\" data-autoplay=\"4000\" data-label-slide-of=\"Slide %%d of %%d\">\n<div class=\"wp-block-stackable-column stk-block-column stk-column stk-block stk-a9196fc\" data-v=\"4\" data-block-id=\"a9196fc\"><div class=\"stk-column-wrapper stk-block-column__content stk-container stk-a9196fc-container stk--no-background stk--no-padding\"><div class=\"stk-block-content stk-inner-blocks stk-a9196fc-inner-blocks\">\n<div class=\"wp-block-stackable-columns stk-block-columns stk-block stk-0961090\" data-block-id=\"0961090\"><div class=\"stk-row stk-inner-blocks stk-block-content stk-content-align stk-0961090-column\">\n<div class=\"wp-block-stackable-column stk-block-column stk-column stk-block stk-be31d13\" data-v=\"4\" data-block-id=\"be31d13\"><style>@media screen and (min-width:690px){.stk-be31d13 {flex:var(--stk-flex-grow, 1) 1 25% !important;}}<\/style><div class=\"stk-column-wrapper stk-block-column__content stk-container stk-be31d13-container stk--no-background stk--no-padding\"><div class=\"stk-block-content stk-inner-blocks stk-be31d13-inner-blocks\">\n<figure class=\"wp-block-image size-full\"><img decoding=\"async\" width=\"600\" height=\"430\" src=\"https:\/\/www.campinglesarbois.com\/wp-content\/uploads\/2025\/06\/terras.jpg\" alt=\"\" class=\"wp-image-6553\" srcset=\"https:\/\/www.campinglesarbois.com\/wp-content\/uploads\/2025\/06\/terras.jpg 600w, https:\/\/www.campinglesarbois.com\/wp-content\/uploads\/2025\/06\/terras-300x215.jpg 300w\" sizes=\"(max-width: 600px) 100vw, 600px\" \/><\/figure>\n<\/div><\/div><\/div>\n\n\n\n<div class=\"wp-block-stackable-column stk-block-column stk-column stk-block stk-ab78a6f\" data-v=\"4\" data-block-id=\"ab78a6f\"><style>@media screen and (min-width:690px){.stk-ab78a6f {flex:var(--stk-flex-grow, 1) 1 25% !important;}}<\/style><div class=\"stk-column-wrapper stk-block-column__content stk-container stk-ab78a6f-container stk--no-background stk--no-padding\"><div class=\"stk-block-content stk-inner-blocks stk-ab78a6f-inner-blocks\">\n<figure class=\"wp-block-image size-full\"><img decoding=\"async\" width=\"600\" height=\"430\" src=\"https:\/\/www.campinglesarbois.com\/wp-content\/uploads\/2025\/06\/jeu-de-boule.jpg\" alt=\"\" class=\"wp-image-6525\" srcset=\"https:\/\/www.campinglesarbois.com\/wp-content\/uploads\/2025\/06\/jeu-de-boule.jpg 600w, https:\/\/www.campinglesarbois.com\/wp-content\/uploads\/2025\/06\/jeu-de-boule-300x215.jpg 300w\" sizes=\"(max-width: 600px) 100vw, 600px\" \/><\/figure>\n<\/div><\/div><\/div>\n\n\n\n<div class=\"wp-block-stackable-column stk-block-column stk-column stk-block stk-690e870\" data-v=\"4\" data-block-id=\"690e870\"><style>@media screen and (min-width:690px){.stk-690e870 {flex:var(--stk-flex-grow, 1) 1 25% !important;}}<\/style><div class=\"stk-column-wrapper stk-block-column__content stk-container stk-690e870-container stk--no-background stk--no-padding\"><div class=\"stk-block-content stk-inner-blocks stk-690e870-inner-blocks\">\n<figure class=\"wp-block-image size-full\"><img decoding=\"async\" width=\"600\" height=\"430\" src=\"https:\/\/www.campinglesarbois.com\/wp-content\/uploads\/2025\/06\/zwembad.jpg\" alt=\"\" class=\"wp-image-6545\" srcset=\"https:\/\/www.campinglesarbois.com\/wp-content\/uploads\/2025\/06\/zwembad.jpg 600w, https:\/\/www.campinglesarbois.com\/wp-content\/uploads\/2025\/06\/zwembad-300x215.jpg 300w\" sizes=\"(max-width: 600px) 100vw, 600px\" \/><\/figure>\n<\/div><\/div><\/div>\n\n\n\n<div class=\"wp-block-stackable-column stk-block-column stk-column stk-block stk-805bbcb\" data-v=\"4\" data-block-id=\"805bbcb\"><style>@media screen and (min-width:690px){.stk-805bbcb {flex:var(--stk-flex-grow, 1) 1 25% !important;}}<\/style><div class=\"stk-column-wrapper stk-block-column__content stk-container stk-805bbcb-container stk--no-background stk--no-padding\"><div class=\"stk-block-content stk-inner-blocks stk-805bbcb-inner-blocks\">\n<figure class=\"wp-block-image size-full\"><img decoding=\"async\" width=\"600\" height=\"430\" src=\"https:\/\/www.campinglesarbois.com\/wp-content\/uploads\/2025\/06\/speeltuin.jpg\" alt=\"\" class=\"wp-image-6537\" srcset=\"https:\/\/www.campinglesarbois.com\/wp-content\/uploads\/2025\/06\/speeltuin.jpg 600w, https:\/\/www.campinglesarbois.com\/wp-content\/uploads\/2025\/06\/speeltuin-300x215.jpg 300w\" sizes=\"(max-width: 600px) 100vw, 600px\" \/><\/figure>\n<\/div><\/div><\/div>\n<\/div><\/div>\n<\/div><\/div><\/div>\n\n\n\n<div class=\"wp-block-stackable-column stk-block-column stk-column stk-block stk-343ef18\" data-v=\"4\" data-block-id=\"343ef18\"><div class=\"stk-column-wrapper stk-block-column__content stk-container stk-343ef18-container stk--no-background stk--no-padding\"><div class=\"stk-block-content stk-inner-blocks stk-343ef18-inner-blocks\">\n<div class=\"wp-block-stackable-columns stk-block-columns stk-block stk-50d9d33\" data-block-id=\"50d9d33\"><div class=\"stk-row stk-inner-blocks stk-block-content stk-content-align stk-50d9d33-column\">\n<div class=\"wp-block-stackable-column stk-block-column stk-column stk-block stk-63a0028\" data-v=\"4\" data-block-id=\"63a0028\"><style>@media screen and (min-width:690px){.stk-63a0028 {flex:var(--stk-flex-grow, 1) 1 25% !important;}}<\/style><div class=\"stk-column-wrapper stk-block-column__content stk-container stk-63a0028-container stk--no-background stk--no-padding\"><div class=\"stk-block-content stk-inner-blocks stk-63a0028-inner-blocks\">\n<figure class=\"wp-block-image size-full\"><img decoding=\"async\" width=\"600\" height=\"430\" src=\"https:\/\/www.campinglesarbois.com\/wp-content\/uploads\/2025\/06\/boerderij1.jpg\" alt=\"\" class=\"wp-image-6517\" srcset=\"https:\/\/www.campinglesarbois.com\/wp-content\/uploads\/2025\/06\/boerderij1.jpg 600w, https:\/\/www.campinglesarbois.com\/wp-content\/uploads\/2025\/06\/boerderij1-300x215.jpg 300w\" sizes=\"(max-width: 600px) 100vw, 600px\" \/><\/figure>\n<\/div><\/div><\/div>\n\n\n\n<div class=\"wp-block-stackable-column stk-block-column stk-column stk-block stk-18b321a\" data-v=\"4\" data-block-id=\"18b321a\"><style>@media screen and (min-width:690px){.stk-18b321a {flex:var(--stk-flex-grow, 1) 1 25% !important;}}<\/style><div class=\"stk-column-wrapper stk-block-column__content stk-container stk-18b321a-container stk--no-background stk--no-padding\"><div class=\"stk-block-content stk-inner-blocks stk-18b321a-inner-blocks\">\n<figure class=\"wp-block-image size-full\"><img decoding=\"async\" width=\"600\" height=\"430\" src=\"https:\/\/www.campinglesarbois.com\/wp-content\/uploads\/2025\/06\/boerderij4-1.jpg\" alt=\"\" class=\"wp-image-7042\" srcset=\"https:\/\/www.campinglesarbois.com\/wp-content\/uploads\/2025\/06\/boerderij4-1.jpg 600w, https:\/\/www.campinglesarbois.com\/wp-content\/uploads\/2025\/06\/boerderij4-1-300x215.jpg 300w\" sizes=\"(max-width: 600px) 100vw, 600px\" \/><\/figure>\n<\/div><\/div><\/div>\n\n\n\n<div class=\"wp-block-stackable-column stk-block-column stk-column stk-block stk-d84ae86\" data-v=\"4\" data-block-id=\"d84ae86\"><style>@media screen and (min-width:690px){.stk-d84ae86 {flex:var(--stk-flex-grow, 1) 1 25% !important;}}<\/style><div class=\"stk-column-wrapper stk-block-column__content stk-container stk-d84ae86-container stk--no-background stk--no-padding\"><div class=\"stk-block-content stk-inner-blocks stk-d84ae86-inner-blocks\">\n<figure class=\"wp-block-image size-full\"><img decoding=\"async\" width=\"600\" height=\"430\" src=\"https:\/\/www.campinglesarbois.com\/wp-content\/uploads\/2025\/06\/boerderij5-1.jpg\" alt=\"\" class=\"wp-image-7046\" srcset=\"https:\/\/www.campinglesarbois.com\/wp-content\/uploads\/2025\/06\/boerderij5-1.jpg 600w, https:\/\/www.campinglesarbois.com\/wp-content\/uploads\/2025\/06\/boerderij5-1-300x215.jpg 300w\" sizes=\"(max-width: 600px) 100vw, 600px\" \/><\/figure>\n<\/div><\/div><\/div>\n\n\n\n<div class=\"wp-block-stackable-column stk-block-column stk-column stk-block stk-daab1c2\" data-v=\"4\" data-block-id=\"daab1c2\"><style>@media screen and (min-width:690px){.stk-daab1c2 {flex:var(--stk-flex-grow, 1) 1 25% !important;}}<\/style><div class=\"stk-column-wrapper stk-block-column__content stk-container stk-daab1c2-container stk--no-background stk--no-padding\"><div class=\"stk-block-content stk-inner-blocks stk-daab1c2-inner-blocks\">\n<figure class=\"wp-block-image size-full\"><img decoding=\"async\" width=\"600\" height=\"430\" src=\"https:\/\/www.campinglesarbois.com\/wp-content\/uploads\/2025\/06\/boerderij3jpg.jpg\" alt=\"\" class=\"wp-image-6529\" srcset=\"https:\/\/www.campinglesarbois.com\/wp-content\/uploads\/2025\/06\/boerderij3jpg.jpg 600w, https:\/\/www.campinglesarbois.com\/wp-content\/uploads\/2025\/06\/boerderij3jpg-300x215.jpg 300w\" sizes=\"(max-width: 600px) 100vw, 600px\" \/><\/figure>\n<\/div><\/div><\/div>\n<\/div><\/div>\n<\/div><\/div><\/div>\n\n\n\n<div class=\"wp-block-stackable-column stk-block-column stk-column stk-block stk-2906597\" data-v=\"4\" data-block-id=\"2906597\"><div class=\"stk-column-wrapper stk-block-column__content stk-container stk-2906597-container stk--no-background stk--no-padding\"><div class=\"stk-block-content stk-inner-blocks stk-2906597-inner-blocks\">\n<div class=\"wp-block-stackable-columns stk-block-columns stk-block stk-05685e3\" data-block-id=\"05685e3\"><div class=\"stk-row stk-inner-blocks stk-block-content stk-content-align stk-05685e3-column\">\n<div class=\"wp-block-stackable-column stk-block-column stk-column stk-block stk-a2e619a\" data-v=\"4\" data-block-id=\"a2e619a\"><style>@media screen and (min-width:690px){.stk-a2e619a {flex:var(--stk-flex-grow, 1) 1 25% !important;}}<\/style><div class=\"stk-column-wrapper stk-block-column__content stk-container stk-a2e619a-container stk--no-background stk--no-padding\"><div class=\"stk-block-content stk-inner-blocks stk-a2e619a-inner-blocks\">\n<figure class=\"wp-block-image size-full\"><img decoding=\"async\" width=\"590\" height=\"422\" src=\"https:\/\/www.campinglesarbois.com\/wp-content\/uploads\/2025\/06\/struinen4-1.jpg\" alt=\"\" class=\"wp-image-6574\" srcset=\"https:\/\/www.campinglesarbois.com\/wp-content\/uploads\/2025\/06\/struinen4-1.jpg 590w, https:\/\/www.campinglesarbois.com\/wp-content\/uploads\/2025\/06\/struinen4-1-300x215.jpg 300w\" sizes=\"(max-width: 590px) 100vw, 590px\" \/><\/figure>\n<\/div><\/div><\/div>\n\n\n\n<div class=\"wp-block-stackable-column stk-block-column stk-column stk-block stk-2adc062\" data-v=\"4\" data-block-id=\"2adc062\"><style>@media screen and (min-width:690px){.stk-2adc062 {flex:var(--stk-flex-grow, 1) 1 25% !important;}}<\/style><div class=\"stk-column-wrapper stk-block-column__content stk-container stk-2adc062-container stk--no-background stk--no-padding\"><div class=\"stk-block-content stk-inner-blocks stk-2adc062-inner-blocks\">\n<figure class=\"wp-block-image size-full\"><img decoding=\"async\" width=\"600\" height=\"430\" src=\"https:\/\/www.campinglesarbois.com\/wp-content\/uploads\/2025\/06\/struinen3.jpg\" alt=\"\" class=\"wp-image-6558\" srcset=\"https:\/\/www.campinglesarbois.com\/wp-content\/uploads\/2025\/06\/struinen3.jpg 600w, https:\/\/www.campinglesarbois.com\/wp-content\/uploads\/2025\/06\/struinen3-300x215.jpg 300w\" sizes=\"(max-width: 600px) 100vw, 600px\" \/><\/figure>\n<\/div><\/div><\/div>\n\n\n\n<div class=\"wp-block-stackable-column stk-block-column stk-column stk-block stk-53865e3\" data-v=\"4\" data-block-id=\"53865e3\"><style>@media screen and (min-width:690px){.stk-53865e3 {flex:var(--stk-flex-grow, 1) 1 25% !important;}}<\/style><div class=\"stk-column-wrapper stk-block-column__content stk-container stk-53865e3-container stk--no-background stk--no-padding\"><div class=\"stk-block-content stk-inner-blocks stk-53865e3-inner-blocks\">\n<figure class=\"wp-block-image size-full\"><img decoding=\"async\" width=\"600\" height=\"430\" src=\"https:\/\/www.campinglesarbois.com\/wp-content\/uploads\/2025\/06\/struinen.jpg\" alt=\"\" class=\"wp-image-6541\" srcset=\"https:\/\/www.campinglesarbois.com\/wp-content\/uploads\/2025\/06\/struinen.jpg 600w, https:\/\/www.campinglesarbois.com\/wp-content\/uploads\/2025\/06\/struinen-300x215.jpg 300w\" sizes=\"(max-width: 600px) 100vw, 600px\" \/><\/figure>\n<\/div><\/div><\/div>\n\n\n\n<div class=\"wp-block-stackable-column stk-block-column stk-column stk-block stk-234f565\" data-v=\"4\" data-block-id=\"234f565\"><style>@media screen and (min-width:690px){.stk-234f565 {flex:var(--stk-flex-grow, 1) 1 25% !important;}}<\/style><div class=\"stk-column-wrapper stk-block-column__content stk-container stk-234f565-container stk--no-background stk--no-padding\"><div class=\"stk-block-content stk-inner-blocks stk-234f565-inner-blocks\">\n<figure class=\"wp-block-image size-full\"><img decoding=\"async\" width=\"600\" height=\"430\" src=\"https:\/\/www.campinglesarbois.com\/wp-content\/uploads\/2025\/06\/struinen2.jpg\" alt=\"\" class=\"wp-image-6549\" srcset=\"https:\/\/www.campinglesarbois.com\/wp-content\/uploads\/2025\/06\/struinen2.jpg 600w, https:\/\/www.campinglesarbois.com\/wp-content\/uploads\/2025\/06\/struinen2-300x215.jpg 300w\" sizes=\"(max-width: 600px) 100vw, 600px\" \/><\/figure>\n<\/div><\/div><\/div>\n<\/div><\/div>\n<\/div><\/div><\/div>\n<\/div><div class=\"stk-block-carousel__buttons\"><button class=\"stk-block-carousel__button stk-block-carousel__button__prev\" aria-label=\"Previous slide\"><svg aria-hidden=\"true\" focusable=\"false\" data-prefix=\"fas\" data-icon=\"chevron-left\" class=\"svg-inline--fa fa-chevron-left\" xmlns=\"http:\/\/www.w3.org\/2000\/svg\" viewBox=\"0 0 320 512\" width=\"32\" height=\"32\"><path d=\"M34.52 239.03L228.87 44.69c9.37-9.37 24.57-9.37 33.94 0l22.67 22.67c9.36 9.36 9.37 24.52.04 33.9L131.49 256l154.02 154.75c9.34 9.38 9.32 24.54-.04 33.9l-22.67 22.67c-9.37 9.37-24.57 9.37-33.94 0L34.52 272.97c-9.37-9.37-9.37-24.57 0-33.94z\"><\/path><\/svg><\/button><button class=\"stk-block-carousel__button stk-block-carousel__button__next\" aria-label=\"Next slide\"><svg aria-hidden=\"true\" focusable=\"false\" data-prefix=\"fas\" data-icon=\"chevron-right\" class=\"svg-inline--fa fa-chevron-right\" xmlns=\"http:\/\/www.w3.org\/2000\/svg\" viewBox=\"0 0 320 512\" width=\"32\" height=\"32\"><path d=\"M285.476 272.971L91.132 467.314c-9.373 9.373-24.569 9.373-33.941 0l-22.667-22.667c-9.357-9.357-9.375-24.522-.04-33.901L188.505 256 34.484 101.255c-9.335-9.379-9.317-24.544.04-33.901l22.667-22.667c9.373-9.373 24.569-9.373 33.941 0L285.475 239.03c9.373 9.372 9.373 24.568.001 33.941z\"><\/path><\/svg><\/button><\/div><\/div><div class=\"stk-block-carousel__dots\" role=\"list\" data-label=\"Slide %%d\"><\/div><\/div><\/div>\n","protected":false},"excerpt":{"rendered":"<p>Installations Dans notre camping, tout est pr\u00e9vu pour un s\u00e9jour agr\u00e9able et sans souci.<\/p>\n","protected":false},"author":1,"featured_media":0,"parent":0,"menu_order":0,"comment_status":"closed","ping_status":"closed","template":"","meta":{"_acf_changed":false,"footnotes":""},"class_list":["post-2792","page","type-page","status-publish","hentry"],"blocksy_meta":[],"acf":[],"featured_image_urls_v2":{"full":"","thumbnail":"","medium":"","medium_large":"","large":"","1536x1536":"","2048x2048":"","gform-image-choice-sm":"","gform-image-choice-md":"","gform-image-choice-lg":""},"post_excerpt_stackable_v2":"<p>Installations Dans notre camping, tout est pr\u00e9vu pour un s\u00e9jour agr\u00e9able et sans souci. Terrain de p\u00e9tanque Piscine Aire de jeux avec trampoline Karts \u00e0 p\u00e9dales Zoo pour enfants avec lapins \u2013 cochons d\u2019Inde \u2013 poules \u2013 canards \u2013 ch\u00e8vres \u2013 cochons, poney et \u00e2ne Chasse au tr\u00e9sor Armoire de jeux For\u00eat pour se promener, attraper des grenouilles et construire des huttes Commande de pain sur place Deux soirs par semaine, nous proposons un repas frais fait maison (en haute saison ou selon le nombre de participants) Les autres jours : Pizza et Quiche<\/p>\n","category_list_v2":"","author_info_v2":{"name":"best4u","url":"https:\/\/www.campinglesarbois.com\/fr\/author\/best4u\/"},"comments_num_v2":"0 commentaire","_links":{"self":[{"href":"https:\/\/www.campinglesarbois.com\/fr\/wp-json\/wp\/v2\/pages\/2792","targetHints":{"allow":["GET"]}}],"collection":[{"href":"https:\/\/www.campinglesarbois.com\/fr\/wp-json\/wp\/v2\/pages"}],"about":[{"href":"https:\/\/www.campinglesarbois.com\/fr\/wp-json\/wp\/v2\/types\/page"}],"author":[{"embeddable":true,"href":"https:\/\/www.campinglesarbois.com\/fr\/wp-json\/wp\/v2\/users\/1"}],"replies":[{"embeddable":true,"href":"https:\/\/www.campinglesarbois.com\/fr\/wp-json\/wp\/v2\/comments?post=2792"}],"version-history":[{"count":20,"href":"https:\/\/www.campinglesarbois.com\/fr\/wp-json\/wp\/v2\/pages\/2792\/revisions"}],"predecessor-version":[{"id":7086,"href":"https:\/\/www.campinglesarbois.com\/fr\/wp-json\/wp\/v2\/pages\/2792\/revisions\/7086"}],"wp:attachment":[{"href":"https:\/\/www.campinglesarbois.com\/fr\/wp-json\/wp\/v2\/media?parent=2792"}],"curies":[{"name":"wp","href":"https:\/\/api.w.org\/{rel}","templated":true}]}}